{"id":667,"date":"2024-06-21T21:31:17","date_gmt":"2024-06-21T21:31:17","guid":{"rendered":"https:\/\/hahne.academy\/?page_id=667"},"modified":"2025-02-17T05:53:33","modified_gmt":"2025-02-17T05:53:33","slug":"forum","status":"publish","type":"page","link":"https:\/\/hahne.academy\/de\/forum\/","title":{"rendered":"Forum"},"content":{"rendered":"<div data-elementor-type=\"wp-page\" data-elementor-id=\"667\" class=\"elementor elementor-667\" data-elementor-post-type=\"page\">\n\t\t\t\t<div class=\"elementor-element elementor-element-78fbb082 e-flex e-con-boxed wpr-particle-no wpr-jarallax-no wpr-parallax-no wpr-sticky-section-no wpr-equal-height-no e-con e-parent\" data-id=\"78fbb082\" data-element_type=\"container\" data-e-type=\"container\" data-settings=\"{&quot;background_background&quot;:&quot;classic&quot;}\">\n\t\t\t\t\t<div class=\"e-con-inner\">\n\t\t<div class=\"elementor-element elementor-element-59dcfe2a e-con-full e-flex wpr-particle-no wpr-jarallax-no wpr-parallax-no wpr-sticky-section-no wpr-equal-height-no e-con e-child\" data-id=\"59dcfe2a\" data-element_type=\"container\" data-e-type=\"container\">\n\t\t\t\t<\/div>\n\t\t\t\t\t<\/div>\n\t\t\t\t<\/div>\n\t\t<div class=\"elementor-element elementor-element-597ff6f e-flex e-con-boxed wpr-particle-no wpr-jarallax-no wpr-parallax-no wpr-sticky-section-no wpr-equal-height-no e-con e-parent\" data-id=\"597ff6f\" data-element_type=\"container\" data-e-type=\"container\">\n\t\t\t\t\t<div class=\"e-con-inner\">\n\t\t<div class=\"elementor-element elementor-element-56996f2 e-con-full e-flex wpr-particle-no wpr-jarallax-no wpr-parallax-no wpr-sticky-section-no wpr-equal-height-no e-con e-child\" data-id=\"56996f2\" data-element_type=\"container\" data-e-type=\"container\">\n\t\t<div class=\"elementor-element elementor-element-c5a2a74 e-con-full e-flex wpr-particle-no wpr-jarallax-no wpr-parallax-no wpr-sticky-section-no wpr-equal-height-no e-con e-child\" data-id=\"c5a2a74\" data-element_type=\"container\" data-e-type=\"container\" data-settings=\"{&quot;background_background&quot;:&quot;classic&quot;}\">\n\t\t\t\t<\/div>\n\t\t<div class=\"elementor-element elementor-element-01d611f e-con-full e-flex wpr-particle-no wpr-jarallax-no wpr-parallax-no wpr-sticky-section-no wpr-equal-height-no e-con e-child\" data-id=\"01d611f\" data-element_type=\"container\" data-e-type=\"container\">\n\t\t\t\t<div class=\"elementor-element elementor-element-9e49452 elementor-widget elementor-widget-icon-box\" data-id=\"9e49452\" data-element_type=\"widget\" data-e-type=\"widget\" data-widget_type=\"icon-box.default\">\n\t\t\t\t<div class=\"elementor-widget-container\">\n\t\t\t\t\t\t\t<div class=\"elementor-icon-box-wrapper\">\n\n\t\t\t\n\t\t\t\t\t\t<div class=\"elementor-icon-box-content\">\n\n\t\t\t\t\t\t\t\t\t<h2 class=\"elementor-icon-box-title\">\n\t\t\t\t\t\t<span  >\n\t\t\t\t\t\t\tZugang zum Forum jetzt bestellen!\t\t\t\t\t\t<\/span>\n\t\t\t\t\t<\/h2>\n\t\t\t\t\n\t\t\t\t\t\t\t\t\t<p class=\"elementor-icon-box-description\">\n\t\t\t\t\t\t<strong>Forum: Austausch-Plattform f\u00fcr Business-Intelligence-Automatisierung<\/strong><br><br>\nUnsere Austausch-Plattform bietet Ihnen die M\u00f6glichkeit, sich mit Gleichgesinnten und Experten \u00fcber die neuesten Entwicklungen und Best Practices im Bereich Business Intelligence Automatisierung auszutauschen.<br><br>\n\n \nNutzen Sie unser Forum, um Fragen zu stellen, Erfahrungen zu teilen und von den Insights anderer Teilnehmer zu profitieren. Hier finden Sie wertvolle Diskussionen und praktische Tipps, die Ihnen helfen, Ihre BI-Prozesse zu optimieren und zu automatisieren. Bleiben Sie vernetzt und erweitern Sie Ihr Wissen durch den aktiven Austausch in unserer Community.\t\t\t\t\t<\/p>\n\t\t\t\t\n\t\t\t<\/div>\n\t\t\t\n\t\t<\/div>\n\t\t\t\t\t\t<\/div>\n\t\t\t\t<\/div>\n\t\t\t\t<div class=\"elementor-element elementor-element-f4920a7 elementor-widget elementor-widget-heading\" data-id=\"f4920a7\" data-element_type=\"widget\" data-e-type=\"widget\" data-widget_type=\"heading.default\">\n\t\t\t\t<div class=\"elementor-widget-container\">\n\t\t\t\t\t<h2 class=\"elementor-heading-title elementor-size-default\">Preis: 17,00\u20ac inkl. MwSt.<\/h2>\t\t\t\t<\/div>\n\t\t\t\t<\/div>\n\t\t\t\t<div class=\"elementor-element elementor-element-63d0009 elementor-widget elementor-widget-text-editor\" data-id=\"63d0009\" data-element_type=\"widget\" data-e-type=\"widget\" data-widget_type=\"text-editor.default\">\n\t\t\t\t<div class=\"elementor-widget-container\">\n\t\t\t\t\t\t\t\t\t<p><strong>Widerrufsrecht:<\/strong> Mit dem Kauf Ihres Zugangs f\u00fcr das Forum, stimmen Sie zu, dass Sie auf Ihr Widerrufsrecht verzichten\u00a0<\/p>\t\t\t\t\t\t\t\t<\/div>\n\t\t\t\t<\/div>\n\t\t\t\t<div class=\"elementor-element elementor-element-98984b8 elementor-align-left elementor-widget elementor-widget-button\" data-id=\"98984b8\" data-element_type=\"widget\" data-e-type=\"widget\" data-widget_type=\"button.default\">\n\t\t\t\t<div class=\"elementor-widget-container\">\n\t\t\t\t\t\t\t\t\t<div class=\"elementor-button-wrapper\">\n\t\t\t\t\t<a class=\"elementor-button elementor-button-link elementor-size-sm\" href=\"https:\/\/forum.hahne-academy.shop\/\">\n\t\t\t\t\t\t<span class=\"elementor-button-content-wrapper\">\n\t\t\t\t\t\t\t\t\t<span class=\"elementor-button-text\">Zum Forum<\/span>\n\t\t\t\t\t<\/span>\n\t\t\t\t\t<\/a>\n\t\t\t\t<\/div>\n\t\t\t\t\t\t\t\t<\/div>\n\t\t\t\t<\/div>\n\t\t\t\t<div class=\"elementor-element elementor-element-3c77e19 elementor-widget elementor-widget-html\" data-id=\"3c77e19\" data-element_type=\"widget\" data-e-type=\"widget\" data-widget_type=\"html.default\">\n\t\t\t\t<div class=\"elementor-widget-container\">\n\t\t\t\t\t<img decoding=\"async\" src=\"https:\/\/vg01.met.vgwort.de\/na\/4b1b49a772f645c39dc28cabb0fc433b\" width=\"1\" height=\"1\" alt=\"\">\t\t\t\t<\/div>\n\t\t\t\t<\/div>\n\t\t\t\t<\/div>\n\t\t\t\t<\/div>\n\t\t\t\t\t<\/div>\n\t\t\t\t<\/div>\n\t\t\t\t<\/div>","protected":false},"excerpt":{"rendered":"<p>Zugang zum Forum jetzt bestellen! Forum: Austausch-Plattform f\u00fcr Business-Intelligence-Automatisierung Unsere Austausch-Plattform bietet Ihnen die M\u00f6glichkeit, sich mit Gleichgesinnten und Experten \u00fcber die neuesten Entwicklungen und Best Practices im Bereich Business Intelligence Automatisierung auszutauschen. Nutzen Sie unser Forum, um Fragen zu stellen, Erfahrungen zu teilen und von den Insights anderer Teilnehmer zu profitieren. Hier finden Sie wertvolle Diskussionen und praktische Tipps, die Ihnen helfen, Ihre BI-Prozesse zu optimieren und zu automatisieren. Bleiben Sie vernetzt und erweitern Sie Ihr Wissen durch den aktiven Austausch in unserer Community. Preis: 17,00\u20ac inkl. MwSt. Widerrufsrecht: Mit dem Kauf Ihres Zugangs f\u00fcr das Forum, stimmen Sie zu, dass Sie auf Ihr Widerrufsrecht verzichten\u00a0 Zum Forum<\/p>","protected":false},"author":2,"featured_media":0,"parent":0,"menu_order":0,"comment_status":"closed","ping_status":"closed","template":"elementor_header_footer","meta":{"_acf_changed":false,"_bbp_topic_count":0,"_bbp_reply_count":0,"_bbp_total_topic_count":0,"_bbp_total_reply_count":0,"_bbp_voice_count":0,"_bbp_anonymous_reply_count":0,"_bbp_topic_count_hidden":0,"_bbp_reply_count_hidden":0,"_bbp_forum_subforum_count":0,"footnotes":""},"class_list":["post-667","page","type-page","status-publish","hentry"],"acf":[],"_links":{"self":[{"href":"https:\/\/hahne.academy\/de\/wp-json\/wp\/v2\/pages\/667","targetHints":{"allow":["GET"]}}],"collection":[{"href":"https:\/\/hahne.academy\/de\/wp-json\/wp\/v2\/pages"}],"about":[{"href":"https:\/\/hahne.academy\/de\/wp-json\/wp\/v2\/types\/page"}],"author":[{"embeddable":true,"href":"https:\/\/hahne.academy\/de\/wp-json\/wp\/v2\/users\/2"}],"replies":[{"embeddable":true,"href":"https:\/\/hahne.academy\/de\/wp-json\/wp\/v2\/comments?post=667"}],"version-history":[{"count":37,"href":"https:\/\/hahne.academy\/de\/wp-json\/wp\/v2\/pages\/667\/revisions"}],"predecessor-version":[{"id":3190,"href":"https:\/\/hahne.academy\/de\/wp-json\/wp\/v2\/pages\/667\/revisions\/3190"}],"wp:attachment":[{"href":"https:\/\/hahne.academy\/de\/wp-json\/wp\/v2\/media?parent=667"}],"curies":[{"name":"wp","href":"https:\/\/api.w.org\/{rel}","templated":true}]}}