{"id":834,"date":"2024-06-25T21:39:51","date_gmt":"2024-06-25T21:39:51","guid":{"rendered":"https:\/\/hahne.academy\/?page_id=834"},"modified":"2026-03-29T18:41:29","modified_gmt":"2026-03-29T18:41:29","slug":"praesenz-seminare","status":"publish","type":"page","link":"https:\/\/hahne.academy\/de\/praesenz-seminare\/","title":{"rendered":"Live-Online-Seminare"},"content":{"rendered":"<div data-elementor-type=\"wp-page\" data-elementor-id=\"834\" class=\"elementor elementor-834\" data-elementor-post-type=\"page\">\n\t\t\t\t<div class=\"elementor-element elementor-element-78fbb082 e-flex e-con-boxed wpr-particle-no wpr-jarallax-no wpr-parallax-no wpr-sticky-section-no wpr-equal-height-no e-con e-parent\" data-id=\"78fbb082\" data-element_type=\"container\" data-e-type=\"container\" data-settings=\"{&quot;background_background&quot;:&quot;classic&quot;}\">\n\t\t\t\t\t<div class=\"e-con-inner\">\n\t\t<div class=\"elementor-element elementor-element-59dcfe2a e-con-full e-flex wpr-particle-no wpr-jarallax-no wpr-parallax-no wpr-sticky-section-no wpr-equal-height-no e-con e-child\" data-id=\"59dcfe2a\" data-element_type=\"container\" data-e-type=\"container\">\n\t\t\t\t<div class=\"elementor-element elementor-element-5b9aadb2 elementor-widget elementor-widget-heading\" data-id=\"5b9aadb2\" data-element_type=\"widget\" data-e-type=\"widget\" data-widget_type=\"heading.default\">\n\t\t\t\t<div class=\"elementor-widget-container\">\n\t\t\t\t\t<h1 class=\"elementor-heading-title elementor-size-default\">Live-Online-Seminare<\/h1>\t\t\t\t<\/div>\n\t\t\t\t<\/div>\n\t\t\t\t<\/div>\n\t\t\t\t\t<\/div>\n\t\t\t\t<\/div>\n\t\t<div class=\"elementor-element elementor-element-c205660 e-flex e-con-boxed wpr-particle-no wpr-jarallax-no wpr-parallax-no wpr-sticky-section-no wpr-equal-height-no e-con e-parent\" data-id=\"c205660\" data-element_type=\"container\" data-e-type=\"container\">\n\t\t\t\t\t<div class=\"e-con-inner\">\n\t\t<div class=\"elementor-element elementor-element-6d93fe6 e-con-full e-flex wpr-particle-no wpr-jarallax-no wpr-parallax-no wpr-sticky-section-no wpr-equal-height-no e-con e-child\" data-id=\"6d93fe6\" data-element_type=\"container\" data-e-type=\"container\">\n\t\t\t\t<div class=\"elementor-element elementor-element-2cd1cf0 elementor-widget elementor-widget-icon-box\" data-id=\"2cd1cf0\" data-element_type=\"widget\" data-e-type=\"widget\" data-widget_type=\"icon-box.default\">\n\t\t\t\t<div class=\"elementor-widget-container\">\n\t\t\t\t\t\t\t<div class=\"elementor-icon-box-wrapper\">\n\n\t\t\t\n\t\t\t\t\t\t<div class=\"elementor-icon-box-content\">\n\n\t\t\t\t\t\t\t\t\t<h2 class=\"elementor-icon-box-title\">\n\t\t\t\t\t\t<span  >\n\t\t\t\t\t\t\tOnline-CDMP-Seminar \u2013 bald verf\u00fcgbar\t\t\t\t\t\t<\/span>\n\t\t\t\t\t<\/h2>\n\t\t\t\t\n\t\t\t\t\t\t\t\t\t<p class=\"elementor-icon-box-description\">\n\t\t\t\t\t\tWir planen ein Online-Seminar zur Vorbereitung auf die CDMP-Zertifizierung nach DAMA International. Wenn Sie flexibel und ortsunabh\u00e4ngig lernen m\u00f6chten, tragen Sie sich ein und erhalten Sie fr\u00fchzeitig alle Infos zum Start.\t\t\t\t\t<\/p>\n\t\t\t\t\n\t\t\t<\/div>\n\t\t\t\n\t\t<\/div>\n\t\t\t\t\t\t<\/div>\n\t\t\t\t<\/div>\n\t\t<div class=\"elementor-element elementor-element-66f0e18 e-con-full e-flex wpr-particle-no wpr-jarallax-no wpr-parallax-no wpr-sticky-section-no wpr-equal-height-no e-con e-child\" data-id=\"66f0e18\" data-element_type=\"container\" data-e-type=\"container\">\n\t\t\t\t<div class=\"elementor-element elementor-element-66eef73 elementor-widget__width-initial elementor-widget elementor-widget-button\" data-id=\"66eef73\" data-element_type=\"widget\" data-e-type=\"widget\" data-widget_type=\"button.default\">\n\t\t\t\t<div class=\"elementor-widget-container\">\n\t\t\t\t\t\t\t\t\t<div class=\"elementor-button-wrapper\">\n\t\t\t\t\t<a class=\"elementor-button elementor-button-link elementor-size-sm\" href=\"https:\/\/hahne-academy-cdmp-en.klicktipp.site\" target=\"_blank\">\n\t\t\t\t\t\t<span class=\"elementor-button-content-wrapper\">\n\t\t\t\t\t\t\t\t\t<span class=\"elementor-button-text\">&nbsp;&nbsp;&nbsp;&nbsp;Weitere Informationen&nbsp;&nbsp;&nbsp;&nbsp;&nbsp;<\/span>\n\t\t\t\t\t<\/span>\n\t\t\t\t\t<\/a>\n\t\t\t\t<\/div>\n\t\t\t\t\t\t\t\t<\/div>\n\t\t\t\t<\/div>\n\t\t\t\t<\/div>\n\t\t\t\t<\/div>\n\t\t\t\t<div class=\"elementor-element elementor-element-124e7ad elementor-widget elementor-widget-image\" data-id=\"124e7ad\" data-element_type=\"widget\" data-e-type=\"widget\" data-widget_type=\"image.default\">\n\t\t\t\t<div class=\"elementor-widget-container\">\n\t\t\t\t\t\t\t\t\t\t\t\t\t\t\t<img fetchpriority=\"high\" decoding=\"async\" width=\"800\" height=\"155\" src=\"https:\/\/hahne.academy\/wp-content\/uploads\/2025\/07\/Connected-Data-Academy-fc-1024x199.png\" class=\"attachment-large size-large wp-image-4853\" alt=\"\" srcset=\"https:\/\/hahne.academy\/wp-content\/uploads\/2025\/07\/Connected-Data-Academy-fc-1024x199.png 1024w, https:\/\/hahne.academy\/wp-content\/uploads\/2025\/07\/Connected-Data-Academy-fc-300x58.png 300w, https:\/\/hahne.academy\/wp-content\/uploads\/2025\/07\/Connected-Data-Academy-fc-768x149.png 768w, https:\/\/hahne.academy\/wp-content\/uploads\/2025\/07\/Connected-Data-Academy-fc-1536x299.png 1536w, https:\/\/hahne.academy\/wp-content\/uploads\/2025\/07\/Connected-Data-Academy-fc-2048x399.png 2048w, https:\/\/hahne.academy\/wp-content\/uploads\/2025\/07\/Connected-Data-Academy-fc-18x4.png 18w\" sizes=\"(max-width: 800px) 100vw, 800px\" \/>\t\t\t\t\t\t\t\t\t\t\t\t\t\t\t<\/div>\n\t\t\t\t<\/div>\n\t\t<div class=\"elementor-element elementor-element-d2ac03b e-con-full e-flex wpr-particle-no wpr-jarallax-no wpr-parallax-no wpr-sticky-section-no wpr-equal-height-no e-con e-child\" data-id=\"d2ac03b\" data-element_type=\"container\" data-e-type=\"container\">\n\t\t\t\t<\/div>\n\t\t\t\t\t<\/div>\n\t\t\t\t<\/div>\n\t\t\t\t<\/div>","protected":false},"excerpt":{"rendered":"<p>Live-Online-Seminare Online-CDMP-Seminar \u2013 bald verf\u00fcgbar Wir planen ein Online-Seminar zur Vorbereitung auf die CDMP-Zertifizierung nach DAMA International. Wenn Sie flexibel und ortsunabh\u00e4ngig lernen m\u00f6chten, tragen Sie sich ein und erhalten Sie fr\u00fchzeitig alle Infos zum Start. &nbsp;&nbsp;&nbsp;&nbsp;Weitere Informationen&nbsp;&nbsp;&nbsp;&nbsp;&nbsp;<\/p>","protected":false},"author":2,"featured_media":0,"parent":0,"menu_order":0,"comment_status":"closed","ping_status":"closed","template":"elementor_header_footer","meta":{"_acf_changed":false,"_bbp_topic_count":0,"_bbp_reply_count":0,"_bbp_total_topic_count":0,"_bbp_total_reply_count":0,"_bbp_voice_count":0,"_bbp_anonymous_reply_count":0,"_bbp_topic_count_hidden":0,"_bbp_reply_count_hidden":0,"_bbp_forum_subforum_count":0,"footnotes":""},"class_list":["post-834","page","type-page","status-publish","hentry"],"acf":[],"_links":{"self":[{"href":"https:\/\/hahne.academy\/de\/wp-json\/wp\/v2\/pages\/834","targetHints":{"allow":["GET"]}}],"collection":[{"href":"https:\/\/hahne.academy\/de\/wp-json\/wp\/v2\/pages"}],"about":[{"href":"https:\/\/hahne.academy\/de\/wp-json\/wp\/v2\/types\/page"}],"author":[{"embeddable":true,"href":"https:\/\/hahne.academy\/de\/wp-json\/wp\/v2\/users\/2"}],"replies":[{"embeddable":true,"href":"https:\/\/hahne.academy\/de\/wp-json\/wp\/v2\/comments?post=834"}],"version-history":[{"count":193,"href":"https:\/\/hahne.academy\/de\/wp-json\/wp\/v2\/pages\/834\/revisions"}],"predecessor-version":[{"id":5432,"href":"https:\/\/hahne.academy\/de\/wp-json\/wp\/v2\/pages\/834\/revisions\/5432"}],"wp:attachment":[{"href":"https:\/\/hahne.academy\/de\/wp-json\/wp\/v2\/media?parent=834"}],"curies":[{"name":"wp","href":"https:\/\/api.w.org\/{rel}","templated":true}]}}