{"id":5038,"date":"2025-11-10T16:17:45","date_gmt":"2025-11-10T16:17:45","guid":{"rendered":"https:\/\/hahne.academy\/?page_id=5038"},"modified":"2025-11-24T09:19:20","modified_gmt":"2025-11-24T09:19:20","slug":"tdwi-trainings","status":"publish","type":"page","link":"https:\/\/hahne.academy\/de_at\/tdwi-trainings\/","title":{"rendered":"TDWI-Trainings"},"content":{"rendered":"<div data-elementor-type=\"wp-page\" data-elementor-id=\"5038\" class=\"elementor elementor-5038\" data-elementor-post-type=\"page\">\n\t\t\t\t<div class=\"elementor-element elementor-element-78fbb082 e-flex e-con-boxed wpr-particle-no wpr-jarallax-no wpr-parallax-no wpr-sticky-section-no wpr-equal-height-no e-con e-parent\" data-id=\"78fbb082\" data-element_type=\"container\" data-e-type=\"container\" data-settings=\"{&quot;background_background&quot;:&quot;classic&quot;}\">\n\t\t\t\t\t<div class=\"e-con-inner\">\n\t\t<div class=\"elementor-element elementor-element-59dcfe2a e-con-full e-flex wpr-particle-no wpr-jarallax-no wpr-parallax-no wpr-sticky-section-no wpr-equal-height-no e-con e-child\" data-id=\"59dcfe2a\" data-element_type=\"container\" data-e-type=\"container\">\n\t\t\t\t<\/div>\n\t\t\t\t\t<\/div>\n\t\t\t\t<\/div>\n\t\t<div class=\"elementor-element elementor-element-d319fae e-flex e-con-boxed wpr-particle-no wpr-jarallax-no wpr-parallax-no wpr-sticky-section-no wpr-equal-height-no e-con e-parent\" data-id=\"d319fae\" data-element_type=\"container\" data-e-type=\"container\" data-settings=\"{&quot;background_background&quot;:&quot;classic&quot;}\">\n\t\t\t\t\t<div class=\"e-con-inner\">\n\t\t<div class=\"elementor-element elementor-element-5a903bc e-con-full e-flex wpr-particle-no wpr-jarallax-no wpr-parallax-no wpr-sticky-section-no wpr-equal-height-no e-con e-child\" data-id=\"5a903bc\" data-element_type=\"container\" data-e-type=\"container\">\n\t\t<div class=\"elementor-element elementor-element-bf1b39d e-con-full e-flex wpr-particle-no wpr-jarallax-no wpr-parallax-no wpr-sticky-section-no wpr-equal-height-no e-con e-child\" data-id=\"bf1b39d\" data-element_type=\"container\" data-e-type=\"container\">\n\t\t\t\t<div class=\"elementor-element elementor-element-5d72cb8 elementor-widget elementor-widget-icon-box\" data-id=\"5d72cb8\" data-element_type=\"widget\" data-e-type=\"widget\" data-widget_type=\"icon-box.default\">\n\t\t\t\t<div class=\"elementor-widget-container\">\n\t\t\t\t\t\t\t<div class=\"elementor-icon-box-wrapper\">\n\n\t\t\t\n\t\t\t\t\t\t<div class=\"elementor-icon-box-content\">\n\n\t\t\t\t\t\t\t\t\t<h2 class=\"elementor-icon-box-title\">\n\t\t\t\t\t\t<span  >\n\t\t\t\t\t\t\tDatenmodellierung: Architektur, Modellierung, Automatisierung (Pr\u00e4senztraining)\t\t\t\t\t\t<\/span>\n\t\t\t\t\t<\/h2>\n\t\t\t\t\n\t\t\t\t\t\t\t\t\t<p class=\"elementor-icon-box-description\">\n\t\t\t\t\t\tModerne BI- und Analytics-L\u00f6sungen ben\u00f6tigen ein solides Datenfundament. In diesem zweit\u00e4gigen Pr\u00e4senzseminar wird praxisnahes Know-how zu Architektur, Modellierung und Automatisierung vermittelt, ideal f\u00fcr Data Engineers, BI-Architekten und Teamleiter.<br><br>\n\nDie Teilnehmer lernen bew\u00e4hrte Ans\u00e4tze wie Entity-Relationship, Star-Schema, 3NF und Data Vault kennen, erg\u00e4nzt durch das ADAPT-Framework f\u00fcr konzeptionelle Modellierung. Themen wie Historisierung, Datenqualit\u00e4t, Performance und Core Data Warehousing runden das Programm ab. Ein Fokus liegt auf gezielter Automatisierung zur Steigerung von Skalierbarkeit und Effizienz.<br><br>\n\nDas Training kombiniert fundierte Methoden mit erprobten Best Practices aus \u00fcber 15 Jahren Projekterfahrung. \u00dcbungen und Diskussionen f\u00f6rdern den Transfer in den Projektalltag und sch\u00e4rfen das Verst\u00e4ndnis f\u00fcr Modellierungsentscheidungen.<br><br>\n\n<strong>Termine &amp; Ort:<\/strong><br>14. bis 15. April 2026 in M\u00fcnchen<br>26. bis 27. Mai 2026 in Hamburg<br>17. bis 18. September 2026 in Hamburg<br>29. bis 30. Oktober 2026 in M\u00fcnchen\n<br>\n<strong> Sprache:  Deutsch<\/strong>\n\t\t\t\t\t<\/p>\n\t\t\t\t\n\t\t\t<\/div>\n\t\t\t\n\t\t<\/div>\n\t\t\t\t\t\t<\/div>\n\t\t\t\t<\/div>\n\t\t<div class=\"elementor-element elementor-element-bc0eaa6 e-con-full e-flex wpr-particle-no wpr-jarallax-no wpr-parallax-no wpr-sticky-section-no wpr-equal-height-no e-con e-child\" data-id=\"bc0eaa6\" data-element_type=\"container\" data-e-type=\"container\">\n\t\t\t\t<div class=\"elementor-element elementor-element-1f63cdf elementor-widget elementor-widget-button\" data-id=\"1f63cdf\" data-element_type=\"widget\" data-e-type=\"widget\" data-widget_type=\"button.default\">\n\t\t\t\t<div class=\"elementor-widget-container\">\n\t\t\t\t\t\t\t\t\t<div class=\"elementor-button-wrapper\">\n\t\t\t\t\t<a class=\"elementor-button elementor-button-link elementor-size-sm\" href=\"https:\/\/www.tdwi.eu\/akademie\/seminarsuche\/seminardetails\/seminar-titel\/datenmodellierung-architektur-modellierung-automatisierung?tx_dmworkshops_seminars%5BselectedDate%5D=2727&#038;cHash=a58bf302c486be7ee89b7f22f7737cb2\" target=\"_blank\">\n\t\t\t\t\t\t<span class=\"elementor-button-content-wrapper\">\n\t\t\t\t\t\t\t\t\t<span class=\"elementor-button-text\">Weitere Informationen und Anmeldung<\/span>\n\t\t\t\t\t<\/span>\n\t\t\t\t\t<\/a>\n\t\t\t\t<\/div>\n\t\t\t\t\t\t\t\t<\/div>\n\t\t\t\t<\/div>\n\t\t\t\t<\/div>\n\t\t\t\t<\/div>\n\t\t\t\t<\/div>\n\t\t\t\t\t<\/div>\n\t\t\t\t<\/div>\n\t\t<div class=\"elementor-element elementor-element-597ff6f e-flex e-con-boxed wpr-particle-no wpr-jarallax-no wpr-parallax-no wpr-sticky-section-no wpr-equal-height-no e-con e-parent\" data-id=\"597ff6f\" data-element_type=\"container\" data-e-type=\"container\">\n\t\t\t\t\t<div class=\"e-con-inner\">\n\t\t<div class=\"elementor-element elementor-element-375f9fa e-con-full e-flex wpr-particle-no wpr-jarallax-no wpr-parallax-no wpr-sticky-section-no wpr-equal-height-no e-con e-child\" data-id=\"375f9fa\" data-element_type=\"container\" data-e-type=\"container\">\n\t\t\t\t<div class=\"elementor-element elementor-element-b5b74b2 elementor-widget elementor-widget-icon-box\" data-id=\"b5b74b2\" data-element_type=\"widget\" data-e-type=\"widget\" data-widget_type=\"icon-box.default\">\n\t\t\t\t<div class=\"elementor-widget-container\">\n\t\t\t\t\t\t\t<div class=\"elementor-icon-box-wrapper\">\n\n\t\t\t\n\t\t\t\t\t\t<div class=\"elementor-icon-box-content\">\n\n\t\t\t\t\t\t\t\t\t<h2 class=\"elementor-icon-box-title\">\n\t\t\t\t\t\t<span  >\n\t\t\t\t\t\t\tBI Summer School: Business Intelligence kompakt in vier Tagen\t\t\t\t\t\t<\/span>\n\t\t\t\t\t<\/h2>\n\t\t\t\t\n\t\t\t\t\t\t\t\t\t<p class=\"elementor-icon-box-description\">\n\t\t\t\t\t\tDie BI Summer School bietet zweimal j\u00e4hrlich einen kompakten, praxisnahen Einstieg in alle relevanten Themen der Business Intelligence. In einem intensiven viert\u00e4gigen Programm erhalten die Teilnehmer fundiertes Wissen zu Architektur, Datenmanagement, Datenmodellierung, Visualisierung und strategischem BI-Aufbau, erg\u00e4nzt durch \u00dcbungen, Fallstudien und Diskussionen.<br><br>\n\nEin besonderer Schwerpunkt liegt auf der Datenmodellierung: Ein kompletter Seminartag widmet sich diesem Kernbereich, der ma\u00dfgeblich \u00fcber den Erfolg oder Misserfolg vieler BI-Projekte entscheidet. Die vermittelten Methoden sind unmittelbar anwendbar und bilden auch die Grundlage f\u00fcr den separaten Onlinekurs BI Modeling in a Nutshell, der diesen Modulinhalten entspricht.<br><br>\n\nDas Training richtet sich an Fach- und F\u00fchrungskr\u00e4fte aus BI, Data &amp; Analytics, die einen fundierten \u00dcberblick mit praktischen Tools und Strategien suchen. Die Kombination aus Pr\u00e4senz, Austausch und zertifizierbarem Abschluss macht die Summer School zu einem idealen Einstieg oder Booster in die BI-Praxis.<br><br>\n\n<strong>Termine &amp; Ort:<br><\/strong> 08. + 11. - 13. Mai 2026, 1 Tag online + 3 Tage Pr\u00e4senz in M\u00fcnchen<br><br>\n\n<strong>Sprache: Deutsch<\/strong>\n\t\t\t\t\t<\/p>\n\t\t\t\t\n\t\t\t<\/div>\n\t\t\t\n\t\t<\/div>\n\t\t\t\t\t\t<\/div>\n\t\t\t\t<\/div>\n\t\t<div class=\"elementor-element elementor-element-ed3f0d9 e-con-full e-flex wpr-particle-no wpr-jarallax-no wpr-parallax-no wpr-sticky-section-no wpr-equal-height-no e-con e-child\" data-id=\"ed3f0d9\" data-element_type=\"container\" data-e-type=\"container\">\n\t\t\t\t<div class=\"elementor-element elementor-element-c7cc6a8 elementor-widget elementor-widget-button\" data-id=\"c7cc6a8\" data-element_type=\"widget\" data-e-type=\"widget\" data-widget_type=\"button.default\">\n\t\t\t\t<div class=\"elementor-widget-container\">\n\t\t\t\t\t\t\t\t\t<div class=\"elementor-button-wrapper\">\n\t\t\t\t\t<a class=\"elementor-button elementor-button-link elementor-size-sm\" href=\"https:\/\/www.tdwi.eu\/akademie\/seminarsuche\/seminardetails\/seminar-titel\/datenmodellierung-architektur-modellierung-automatisierung?tx_dmworkshops_seminars%5BselectedDate%5D=2727&#038;cHash=a58bf302c486be7ee89b7f22f7737cb2\" target=\"_blank\">\n\t\t\t\t\t\t<span class=\"elementor-button-content-wrapper\">\n\t\t\t\t\t\t\t\t\t<span class=\"elementor-button-text\">Weitere Informationen und Anmeldung<\/span>\n\t\t\t\t\t<\/span>\n\t\t\t\t\t<\/a>\n\t\t\t\t<\/div>\n\t\t\t\t\t\t\t\t<\/div>\n\t\t\t\t<\/div>\n\t\t\t\t<\/div>\n\t\t\t\t<\/div>\n\t\t\t\t\t<\/div>\n\t\t\t\t<\/div>\n\t\t<div class=\"elementor-element elementor-element-09cd90a e-flex e-con-boxed wpr-particle-no wpr-jarallax-no wpr-parallax-no wpr-sticky-section-no wpr-equal-height-no e-con e-parent\" data-id=\"09cd90a\" data-element_type=\"container\" data-e-type=\"container\" data-settings=\"{&quot;background_background&quot;:&quot;classic&quot;}\">\n\t\t\t\t\t<div class=\"e-con-inner\">\n\t\t<div class=\"elementor-element elementor-element-40d7529 e-con-full e-flex wpr-particle-no wpr-jarallax-no wpr-parallax-no wpr-sticky-section-no wpr-equal-height-no e-con e-child\" data-id=\"40d7529\" data-element_type=\"container\" data-e-type=\"container\">\n\t\t<div class=\"elementor-element elementor-element-122377d e-con-full e-flex wpr-particle-no wpr-jarallax-no wpr-parallax-no wpr-sticky-section-no wpr-equal-height-no e-con e-child\" data-id=\"122377d\" data-element_type=\"container\" data-e-type=\"container\">\n\t\t\t\t<div class=\"elementor-element elementor-element-fe6eb6a elementor-widget elementor-widget-icon-box\" data-id=\"fe6eb6a\" data-element_type=\"widget\" data-e-type=\"widget\" data-widget_type=\"icon-box.default\">\n\t\t\t\t<div class=\"elementor-widget-container\">\n\t\t\t\t\t\t\t<div class=\"elementor-icon-box-wrapper\">\n\n\t\t\t\n\t\t\t\t\t\t<div class=\"elementor-icon-box-content\">\n\n\t\t\t\t\t\t\t\t\t<h2 class=\"elementor-icon-box-title\">\n\t\t\t\t\t\t<span  >\n\t\t\t\t\t\t\tCloud BI auf den Punkt gebracht - <br>Entfalten Sie die Kraft von Cloud-basierter Business Intelligence\t\t\t\t\t\t<\/span>\n\t\t\t\t\t<\/h2>\n\t\t\t\t\n\t\t\t\t\t\t\t\t\t<p class=\"elementor-icon-box-description\">\n\t\t\t\t\t\tCloud-basierte Business Intelligence ist keine Option mehr \u2013 sie ist die neue Realit\u00e4t. Dieses eint\u00e4gige Seminar bietet einen fundierten \u00dcberblick \u00fcber Konzepte, Architekturen, Plattformen und strategische \u00dcberlegungen zu Cloud BI \u2013 kompakt, konzeptionell und frei von technischer \u00dcberladung.\n<br><br>\n<strong>Zielgruppe:<\/strong>\nDas Seminar richtet sich an BI-Professionals, Datenarchitekten, IT-Verantwortliche, Analysten und Entscheider, die das Potenzial von Cloud BI verstehen und fundierte strategische Entscheidungen treffen m\u00f6chten \u2013 auch ohne tiefgehende technische Vorkenntnisse.\n<br><br>\n<strong>Themen im \u00dcberblick:<\/strong><br>\n\t\u2022\tGrundlagen &amp; Nutzen von Cloud BI<br>\n\t\u2022\tCloud-native Architekturen &amp; Bereitstellungsmodelle<br>\n\t\u2022\tTool-Landschaft: AWS, Azure, Snowflake, Power BI, Tableau<br>\n\t\u2022\tStrategien gegen Vendor Lock-In<br>\n\t\u2022\tSicherheit, Compliance &amp; Governance<br>\n\t\u2022\tZuk\u00fcnftige Trends: KI, Echtzeit-BI, Serverless<br><br>\n\n<strong>Ihr Mehrwert:<\/strong>\nSie gewinnen Klarheit \u00fcber Chancen, Risiken und Best Practices rund um Cloud BI \u2013 inklusive konkreter Empfehlungen f\u00fcr Strategie, Toolwahl und Implementierung.<br><br>\n<strong>Termine &amp; Ort:<\/strong>\n<br>28. Mai. 2026 - 28. Mai. 2026 in Hamburg \u2013 Inhalte und Unterlagen auf Deutsch<br>\n28. Okt. 2026 - 28. Okt. 2026 in M\u00fcnchen \u2013 Inhalte und Unterlagen auf Deutsch\t\t\t\t\t<\/p>\n\t\t\t\t\n\t\t\t<\/div>\n\t\t\t\n\t\t<\/div>\n\t\t\t\t\t\t<\/div>\n\t\t\t\t<\/div>\n\t\t<div class=\"elementor-element elementor-element-e13ae02 e-con-full e-flex wpr-particle-no wpr-jarallax-no wpr-parallax-no wpr-sticky-section-no wpr-equal-height-no e-con e-child\" data-id=\"e13ae02\" data-element_type=\"container\" data-e-type=\"container\">\n\t\t\t\t<div class=\"elementor-element elementor-element-38c8a93 elementor-widget elementor-widget-button\" data-id=\"38c8a93\" data-element_type=\"widget\" data-e-type=\"widget\" data-widget_type=\"button.default\">\n\t\t\t\t<div class=\"elementor-widget-container\">\n\t\t\t\t\t\t\t\t\t<div class=\"elementor-button-wrapper\">\n\t\t\t\t\t<a class=\"elementor-button elementor-button-link elementor-size-sm\" href=\"https:\/\/www.tdwi.eu\/akademie\/seminarsuche\/seminardetails\/seminar-titel\/cloud-bi-auf-den-punkt-gebracht-entfalten-sie-die-kraft-von-cloud-basierter-business-intelligence?tx_dmworkshops_seminars%5BselectedDate%5D=2857&#038;cHash=8096b187201ef77c1f50e599def192c7\" target=\"_blank\">\n\t\t\t\t\t\t<span class=\"elementor-button-content-wrapper\">\n\t\t\t\t\t\t\t\t\t<span class=\"elementor-button-text\">Weitere Informationen und Anmeldung<\/span>\n\t\t\t\t\t<\/span>\n\t\t\t\t\t<\/a>\n\t\t\t\t<\/div>\n\t\t\t\t\t\t\t\t<\/div>\n\t\t\t\t<\/div>\n\t\t\t\t<\/div>\n\t\t\t\t<\/div>\n\t\t\t\t<\/div>\n\t\t\t\t\t<\/div>\n\t\t\t\t<\/div>\n\t\t\t\t<\/div>","protected":false},"excerpt":{"rendered":"<p>Datenmodellierung: Architektur, Modellierung, Automatisierung (Pr\u00e4senztraining) Moderne BI- und Analytics-L\u00f6sungen ben\u00f6tigen ein solides Datenfundament. In diesem zweit\u00e4gigen Pr\u00e4senzseminar wird praxisnahes Know-how zu Architektur, Modellierung und Automatisierung vermittelt, ideal f\u00fcr Data Engineers, BI-Architekten und Teamleiter. Die Teilnehmer lernen bew\u00e4hrte Ans\u00e4tze wie Entity-Relationship, Star-Schema, 3NF und Data Vault kennen, erg\u00e4nzt durch das ADAPT-Framework f\u00fcr konzeptionelle Modellierung. Themen wie Historisierung, Datenqualit\u00e4t, Performance und Core Data Warehousing runden das Programm ab. Ein Fokus liegt auf gezielter Automatisierung zur Steigerung von Skalierbarkeit und Effizienz. Das Training kombiniert fundierte Methoden mit erprobten Best Practices aus \u00fcber 15 Jahren Projekterfahrung. \u00dcbungen und Diskussionen f\u00f6rdern den Transfer in den Projektalltag und sch\u00e4rfen das Verst\u00e4ndnis f\u00fcr Modellierungsentscheidungen. Termine &amp; Ort:14. bis 15. April 2026 in M\u00fcnchen26. bis 27. Mai 2026 in Hamburg17. bis 18. September 2026 in Hamburg29. bis 30. Oktober 2026 in M\u00fcnchen Sprache: Deutsch Weitere Informationen und Anmeldung BI Summer School: Business Intelligence kompakt in vier Tagen Die BI Summer School bietet zweimal j\u00e4hrlich einen kompakten, praxisnahen Einstieg in alle relevanten Themen der Business Intelligence. In einem intensiven viert\u00e4gigen Programm erhalten die Teilnehmer fundiertes Wissen zu Architektur, Datenmanagement, Datenmodellierung, Visualisierung und strategischem BI-Aufbau, erg\u00e4nzt durch \u00dcbungen, Fallstudien und Diskussionen. Ein besonderer Schwerpunkt liegt auf der Datenmodellierung: Ein kompletter Seminartag widmet sich diesem Kernbereich, der ma\u00dfgeblich \u00fcber den Erfolg oder Misserfolg vieler BI-Projekte entscheidet. Die vermittelten Methoden sind unmittelbar anwendbar und bilden auch die Grundlage f\u00fcr den separaten Onlinekurs BI Modeling in a Nutshell, der diesen Modulinhalten entspricht. Das Training richtet sich an Fach- und F\u00fchrungskr\u00e4fte aus BI, Data &amp; Analytics, die einen fundierten \u00dcberblick mit praktischen Tools und Strategien suchen. Die Kombination aus Pr\u00e4senz, Austausch und zertifizierbarem Abschluss macht die Summer School zu einem idealen Einstieg oder Booster in die BI-Praxis. Termine &amp; Ort: 08. + 11. &#8211; 13. Mai 2026, 1 Tag online + 3 Tage Pr\u00e4senz in M\u00fcnchen Sprache: Deutsch Weitere Informationen und Anmeldung Cloud BI auf den Punkt gebracht &#8211; Entfalten Sie die Kraft von Cloud-basierter Business Intelligence Cloud-basierte Business Intelligence ist keine Option mehr \u2013 sie ist die neue Realit\u00e4t. Dieses eint\u00e4gige Seminar bietet einen fundierten \u00dcberblick \u00fcber Konzepte, Architekturen, Plattformen und strategische \u00dcberlegungen zu Cloud BI \u2013 kompakt, konzeptionell und frei von technischer \u00dcberladung. Zielgruppe: Das Seminar richtet sich an BI-Professionals, Datenarchitekten, IT-Verantwortliche, Analysten und Entscheider, die das Potenzial von Cloud BI verstehen und fundierte strategische Entscheidungen treffen m\u00f6chten \u2013 auch ohne tiefgehende technische Vorkenntnisse. Themen im \u00dcberblick: \u2022 Grundlagen &amp; Nutzen von Cloud BI \u2022 Cloud-native Architekturen &amp; Bereitstellungsmodelle \u2022 Tool-Landschaft: AWS, Azure, Snowflake, Power BI, Tableau \u2022 Strategien gegen Vendor Lock-In \u2022 Sicherheit, Compliance &amp; Governance \u2022 Zuk\u00fcnftige Trends: KI, Echtzeit-BI, Serverless Ihr Mehrwert: Sie gewinnen Klarheit \u00fcber Chancen, Risiken und Best Practices rund um Cloud BI \u2013 inklusive konkreter Empfehlungen f\u00fcr Strategie, Toolwahl und Implementierung. Termine &amp; Ort: 28. Mai. 2026 &#8211; 28. Mai. 2026 in Hamburg \u2013 Inhalte und Unterlagen auf Deutsch 28. Okt. 2026 &#8211; 28. Okt. 2026 in M\u00fcnchen \u2013 Inhalte und Unterlagen auf Deutsch Weitere Informationen und Anmeldung<\/p>","protected":false},"author":2,"featured_media":0,"parent":0,"menu_order":0,"comment_status":"closed","ping_status":"closed","template":"elementor_header_footer","meta":{"_acf_changed":false,"_bbp_topic_count":0,"_bbp_reply_count":0,"_bbp_total_topic_count":0,"_bbp_total_reply_count":0,"_bbp_voice_count":0,"_bbp_anonymous_reply_count":0,"_bbp_topic_count_hidden":0,"_bbp_reply_count_hidden":0,"_bbp_forum_subforum_count":0,"footnotes":""},"class_list":["post-5038","page","type-page","status-publish","hentry"],"acf":[],"_links":{"self":[{"href":"https:\/\/hahne.academy\/de_at\/wp-json\/wp\/v2\/pages\/5038","targetHints":{"allow":["GET"]}}],"collection":[{"href":"https:\/\/hahne.academy\/de_at\/wp-json\/wp\/v2\/pages"}],"about":[{"href":"https:\/\/hahne.academy\/de_at\/wp-json\/wp\/v2\/types\/page"}],"author":[{"embeddable":true,"href":"https:\/\/hahne.academy\/de_at\/wp-json\/wp\/v2\/users\/2"}],"replies":[{"embeddable":true,"href":"https:\/\/hahne.academy\/de_at\/wp-json\/wp\/v2\/comments?post=5038"}],"version-history":[{"count":19,"href":"https:\/\/hahne.academy\/de_at\/wp-json\/wp\/v2\/pages\/5038\/revisions"}],"predecessor-version":[{"id":5194,"href":"https:\/\/hahne.academy\/de_at\/wp-json\/wp\/v2\/pages\/5038\/revisions\/5194"}],"wp:attachment":[{"href":"https:\/\/hahne.academy\/de_at\/wp-json\/wp\/v2\/media?parent=5038"}],"curies":[{"name":"wp","href":"https:\/\/api.w.org\/{rel}","templated":true}]}}