{"id":3743,"date":"2025-03-11T19:17:39","date_gmt":"2025-03-11T19:17:39","guid":{"rendered":"https:\/\/hahne.academy\/?page_id=3743"},"modified":"2025-03-23T16:48:11","modified_gmt":"2025-03-23T16:48:11","slug":"kontakt","status":"publish","type":"page","link":"https:\/\/hahne.academy\/en\/kontakt\/","title":{"rendered":"Contact us"},"content":{"rendered":"\t\t<div data-elementor-type=\"wp-page\" data-elementor-id=\"3743\" class=\"elementor elementor-3743\" data-elementor-post-type=\"page\">\n\t\t\t\t<div class=\"elementor-element elementor-element-068ecdb e-flex e-con-boxed wpr-particle-no wpr-jarallax-no wpr-parallax-no wpr-sticky-section-no wpr-equal-height-no e-con e-parent\" data-id=\"068ecdb\" data-element_type=\"container\" data-e-type=\"container\">\n\t\t\t\t\t<div class=\"e-con-inner\">\n\t\t<div class=\"elementor-element elementor-element-efe23df e-con-full e-flex wpr-particle-no wpr-jarallax-no wpr-parallax-no wpr-sticky-section-no wpr-equal-height-no e-con e-child\" data-id=\"efe23df\" data-element_type=\"container\" data-e-type=\"container\">\n\t\t\t\t<div class=\"elementor-element elementor-element-e4dc1cc elementor-widget elementor-widget-html\" data-id=\"e4dc1cc\" data-element_type=\"widget\" data-e-type=\"widget\" data-widget_type=\"html.default\">\n\t\t\t\t<div class=\"elementor-widget-container\">\n\t\t\t\t\t<div id=\"form-309737-wrapper\">\r\n  <form id=\"ktv2-form-309737\" accept-charset=\"UTF-8\" method=\"post\" action=\"https:\/\/app.klicktipp.com\/api\/subscriber\/signin.html\">\r\n    <input type=\"hidden\" id=\"FormField_ApiKey\" name=\"apikey\" value=\"77tmznifcz8z3e55\" \/>\r\n    <input type=\"hidden\" id=\"FormField_Digit\" name=\"fields[fieldDigit]\" value=\"\" \/>\r\n    <div class=\"ktv2-form-element\">\r\n      <label for=\"FormField_207615\">Anrede (Herr\/Frau): <\/label><br \/>\r\n      <input type=\"text\" id=\"FormField_207615\" name=\"fields[field207615]\" value=\"\" \/>\r\n    <\/div>\r\n    <div class=\"ktv2-form-element\">\r\n      <label for=\"FormField_207618\">Titel (Prof.\/Dr.\/Prof. Dr.\/Ph.D.\/Ed.D.\/DBA\/J.D.): <\/label><br \/>\r\n      <input type=\"text\" id=\"FormField_207618\" name=\"fields[field207618]\" value=\"\" \/>\r\n    <\/div>\r\n    <div class=\"ktv2-form-element\">\r\n      <label for=\"FormField_FirstName\">Vorname: <\/label><br \/>\r\n      <input type=\"text\" id=\"FormField_FirstName\" name=\"fields[fieldFirstName]\" value=\"\" \/>\r\n    <\/div>\r\n    <div class=\"ktv2-form-element\">\r\n      <label for=\"FormField_LastName\">Nachname: <\/label><br \/>\r\n      <input type=\"text\" id=\"FormField_LastName\" name=\"fields[fieldLastName]\" value=\"\" \/>\r\n    <\/div>\r\n    <div class=\"ktv2-form-element\">\r\n      <label for=\"FormField_CompanyName\">Firma: <\/label><br \/>\r\n      <input type=\"text\" id=\"FormField_CompanyName\" name=\"fields[fieldCompanyName]\" value=\"\" \/>\r\n    <\/div>\r\n    <div class=\"ktv2-form-element\">\r\n      <label for=\"FormField_EmailAddress\">Ihre E-Mail-Adresse: <\/label><br \/>\r\n      <input type=\"text\" id=\"FormField_EmailAddress\" name=\"email\" value=\"\" size=\"40\" required \/>\r\n    <\/div>\r\n    <div class=\"ktv2-form-element\">\r\n      <label for=\"FormField_Phone\">Telefon: <\/label><br \/>\r\n      <input type=\"text\" id=\"FormField_Phone\" name=\"fields[fieldPhone]\" value=\"\" \/>\r\n    <\/div>\r\n    <div class=\"ktv2-form-element\">\r\n      <label for=\"FormField_MobilePhone\">Telefon (Mobil): <\/label><br \/>\r\n      <input type=\"text\" id=\"FormField_MobilePhone\" name=\"fields[fieldMobilePhone]\" value=\"\" \/>\r\n    <\/div>\r\n    <div class=\"ktv2-form-element\">\r\n      <label for=\"FormField_207619\">Notiz in Form: <\/label><br \/>\r\n      <textarea id=\"FormField_207619\" name=\"fields[field207619]\" cols=\"60\" rows=\"5\"><\/textarea>\r\n    <\/div>\r\n    <div style=\"display: flex; align-items: flex-start; margin-bottom: 15px; gap: 10px;\">\r\n      <input type=\"checkbox\" id=\"DSGVOCheckbox\" name=\"fields[DSGVOCheckbox]\" class=\"ktv2-dsgvo-checkbox\" style=\"margin-top: 3px; flex-shrink: 0;\" \/>\r\n      <div style=\"flex: 1;\">\r\n        <span style=\"font-size: 14px; color: #000000; display: block;\">Ich willige in den Empfang des Newsletters ein, den ich jederzeit mit dem Link im Newsletter selbst abbestellen kann.<\/span>\r\n        <span style=\"font-size: 11px; color: #808080; display: block; margin-top: 5px;\">Mit der Eintragung f&uuml;r den Newsletter best&auml;tigen Sie die Verarbeitung Ihrer Daten gem&auml;&szlig; der <a href=\"https:\/\/www.klicktipp.com\/datenschutzerklarung\/\" target=\"_blank\">Datenschutzerkl&auml;rung<\/a> durch KlickTipp.<\/span>\r\n      <\/div>\r\n    <\/div>\r\n    <div>\r\n      <input type=\"submit\" id=\"FormSubmit\" name=\"FormSubmit\" value=\"Jetzt absenden\" \/>\r\n    <\/div>\r\n  <\/form>\r\n<\/div>\r\n<script type='text\/javascript'>\r\n  window['ktv2_digit'] = function(digit) {\r\n    var objs = document.getElementsByName('fields[fieldDigit]');\r\n    for (i in objs) {\r\n      objs[i].value = digit;\r\n    }\r\n    var obj = document.getElementById('FBButton_Digit');\r\n    if (obj && obj.href) {\r\n      obj.href = obj.href.replace(encodeURI('\"FBButton_Digit\"'), encodeURI(digit));\r\n    }\r\n  }\r\n<\/script>\t\t\t\t<\/div>\n\t\t\t\t<\/div>\n\t\t\t\t<\/div>\n\t\t<div class=\"elementor-element elementor-element-08432cf e-con-full e-flex wpr-particle-no wpr-jarallax-no wpr-parallax-no wpr-sticky-section-no wpr-equal-height-no e-con e-child\" data-id=\"08432cf\" data-element_type=\"container\" data-e-type=\"container\">\n\t\t\t\t<div class=\"elementor-element elementor-element-e98c549 elementor-widget elementor-widget-heading\" data-id=\"e98c549\" data-element_type=\"widget\" data-e-type=\"widget\" data-widget_type=\"heading.default\">\n\t\t\t\t<div class=\"elementor-widget-container\">\n\t\t\t\t\t<h1 class=\"elementor-heading-title elementor-size-default\">Jetzt einen Termin vereinbaren!<\/h1>\t\t\t\t<\/div>\n\t\t\t\t<\/div>\n\t\t\t\t<div class=\"elementor-element elementor-element-c7111a0 elementor-widget elementor-widget-text-editor\" data-id=\"c7111a0\" data-element_type=\"widget\" data-e-type=\"widget\" data-widget_type=\"text-editor.default\">\n\t\t\t\t<div class=\"elementor-widget-container\">\n\t\t\t\t\t\t\t\t\t<p>Wir freuen uns \u00fcber Ihr Interesse an unseren Programmen und Angeboten. Um sicherzustellen, dass Ihre Anfrage schnell und effizient bearbeitet wird, nutzen Sie bitte das bereitgestellte Kontaktformular f\u00fcr allgemeine Fragen oder Anliegen. Wenn Sie eine pers\u00f6nliche Beratung bevorzugen oder direkt einen Termin bei Dr. Michael Hahne vereinbaren m\u00f6chten, k\u00f6nnen Sie dies gerne \u00fcber unseren Online-Terminplaner tun. Unser Ziel ist es, Ihnen so schnell wie m\u00f6glich weiterzuhelfen. Wir freuen uns darauf, von Ihnen zu h\u00f6ren und Ihre Fragen zu beantworten.<\/p>\t\t\t\t\t\t\t\t<\/div>\n\t\t\t\t<\/div>\n\t\t\t\t<div class=\"elementor-element elementor-element-98870be elementor-widget elementor-widget-button\" data-id=\"98870be\" data-element_type=\"widget\" data-e-type=\"widget\" data-widget_type=\"button.default\">\n\t\t\t\t<div class=\"elementor-widget-container\">\n\t\t\t\t\t\t\t\t\t<div class=\"elementor-button-wrapper\">\n\t\t\t\t\t<a class=\"elementor-button elementor-button-link elementor-size-sm\" href=\"https:\/\/outlook.office365.com\/book\/HahneAcademy@HahneConsulting.onmicrosoft.com\/\">\n\t\t\t\t\t\t<span class=\"elementor-button-content-wrapper\">\n\t\t\t\t\t\t\t\t\t<span class=\"elementor-button-text\">Zur Buchung<\/span>\n\t\t\t\t\t<\/span>\n\t\t\t\t\t<\/a>\n\t\t\t\t<\/div>\n\t\t\t\t\t\t\t\t<\/div>\n\t\t\t\t<\/div>\n\t\t\t\t<\/div>\n\t\t\t\t\t<\/div>\n\t\t\t\t<\/div>\n\t\t\t\t<\/div>\n\t\t","protected":false},"excerpt":{"rendered":"<p>Salutation (Mr.\/Mrs.): Title (Prof.\/Dr.\/Prof. Dr.\/Ph.D.\/Ed.D.\/DBA\/J.D.): First name: Last name: Company: Your e-mail address: Phone: Phone (mobile): Note in form: I agree to receive the newsletter, which I can unsubscribe from at any time using the link in the newsletter. By subscribing to the newsletter, you confirm that your data will be processed by KlickTipp in accordance with the privacy policy. Make an appointment now! Thank you for your interest in our programs and offers. To ensure that your request is processed quickly and efficiently, please use the contact form provided for general questions or concerns. If you prefer a personal consultation or would like to make an appointment directly with Dr. Michael Hahne, you are welcome to do so via our online appointment scheduler. Our aim is to help you as quickly as possible. We look forward to hearing from you and answering your questions. Go to booking<\/p>","protected":false},"author":2,"featured_media":0,"parent":0,"menu_order":0,"comment_status":"closed","ping_status":"closed","template":"elementor_header_footer","meta":{"_acf_changed":false,"_bbp_topic_count":0,"_bbp_reply_count":0,"_bbp_total_topic_count":0,"_bbp_total_reply_count":0,"_bbp_voice_count":0,"_bbp_anonymous_reply_count":0,"_bbp_topic_count_hidden":0,"_bbp_reply_count_hidden":0,"_bbp_forum_subforum_count":0,"footnotes":""},"class_list":["post-3743","page","type-page","status-publish","hentry"],"acf":[],"_links":{"self":[{"href":"https:\/\/hahne.academy\/en\/wp-json\/wp\/v2\/pages\/3743","targetHints":{"allow":["GET"]}}],"collection":[{"href":"https:\/\/hahne.academy\/en\/wp-json\/wp\/v2\/pages"}],"about":[{"href":"https:\/\/hahne.academy\/en\/wp-json\/wp\/v2\/types\/page"}],"author":[{"embeddable":true,"href":"https:\/\/hahne.academy\/en\/wp-json\/wp\/v2\/users\/2"}],"replies":[{"embeddable":true,"href":"https:\/\/hahne.academy\/en\/wp-json\/wp\/v2\/comments?post=3743"}],"version-history":[{"count":37,"href":"https:\/\/hahne.academy\/en\/wp-json\/wp\/v2\/pages\/3743\/revisions"}],"predecessor-version":[{"id":4002,"href":"https:\/\/hahne.academy\/en\/wp-json\/wp\/v2\/pages\/3743\/revisions\/4002"}],"wp:attachment":[{"href":"https:\/\/hahne.academy\/en\/wp-json\/wp\/v2\/media?parent=3743"}],"curies":[{"name":"wp","href":"https:\/\/api.w.org\/{rel}","templated":true}]}}