{"id":109,"date":"2024-06-18T11:10:14","date_gmt":"2024-06-18T11:10:14","guid":{"rendered":"https:\/\/hahne.academy\/?page_id=109"},"modified":"2025-02-17T05:51:57","modified_gmt":"2025-02-17T05:51:57","slug":"buecher","status":"publish","type":"page","link":"https:\/\/hahne.academy\/es\/buecher\/","title":{"rendered":"Libros"},"content":{"rendered":"<div data-elementor-type=\"wp-page\" data-elementor-id=\"109\" class=\"elementor elementor-109\" data-elementor-post-type=\"page\">\n\t\t\t\t<div class=\"elementor-element elementor-element-78fbb082 e-flex e-con-boxed wpr-particle-no wpr-jarallax-no wpr-parallax-no wpr-sticky-section-no wpr-equal-height-no e-con e-parent\" data-id=\"78fbb082\" data-element_type=\"container\" data-e-type=\"container\" data-settings=\"{&quot;background_background&quot;:&quot;classic&quot;}\">\n\t\t\t\t\t<div class=\"e-con-inner\">\n\t\t<div class=\"elementor-element elementor-element-59dcfe2a e-con-full e-flex wpr-particle-no wpr-jarallax-no wpr-parallax-no wpr-sticky-section-no wpr-equal-height-no e-con e-child\" data-id=\"59dcfe2a\" data-element_type=\"container\" data-e-type=\"container\">\n\t\t\t\t<\/div>\n\t\t\t\t\t<\/div>\n\t\t\t\t<\/div>\n\t\t<div class=\"elementor-element elementor-element-1cd4ad5 e-flex e-con-boxed wpr-particle-no wpr-jarallax-no wpr-parallax-no wpr-sticky-section-no wpr-equal-height-no e-con e-parent\" data-id=\"1cd4ad5\" data-element_type=\"container\" data-e-type=\"container\">\n\t\t\t\t\t<div class=\"e-con-inner\">\n\t\t<div class=\"elementor-element elementor-element-d5246be e-con-full e-flex wpr-particle-no wpr-jarallax-no wpr-parallax-no wpr-sticky-section-no wpr-equal-height-no e-con e-child\" data-id=\"d5246be\" data-element_type=\"container\" data-e-type=\"container\">\n\t\t<a class=\"elementor-element elementor-element-dd8063c e-con-full e-flex wpr-particle-no wpr-jarallax-no wpr-parallax-no wpr-sticky-section-no wpr-equal-height-no e-con e-child\" data-id=\"dd8063c\" data-element_type=\"container\" data-e-type=\"container\" data-settings=\"{&quot;background_background&quot;:&quot;classic&quot;}\" href=\"https:\/\/amzn.eu\/d\/0cqptIDU\" target=\"_blank\">\n\t\t\t\t<div class=\"elementor-element elementor-element-be588b1 premium-persons-title-ccw bookElement elementor-widget elementor-widget-premium-addon-person\" data-id=\"be588b1\" data-element_type=\"widget\" data-e-type=\"widget\" data-widget_type=\"premium-addon-person.default\">\n\t\t\t\t<div class=\"elementor-widget-container\">\n\t\t\t\t\t\t\t<div class=\"premium-persons-container premium-person-style3\">\n\t\t\t\t\t\t<div class=\"premium-person-container premium-person-zoomin-effect\">\n\n\t\t\t\t<div class=\"premium-person-image-container\">\n\t\t\t\t\t<img fetchpriority=\"high\" decoding=\"async\" width=\"842\" height=\"1280\" src=\"https:\/\/hahne.academy\/wp-content\/uploads\/2024\/06\/buchcover.jpg\" class=\"attachment-full size-full wp-image-990\" alt=\"\" srcset=\"https:\/\/hahne.academy\/wp-content\/uploads\/2024\/06\/buchcover.jpg 842w, https:\/\/hahne.academy\/wp-content\/uploads\/2024\/06\/buchcover-197x300.jpg 197w, https:\/\/hahne.academy\/wp-content\/uploads\/2024\/06\/buchcover-674x1024.jpg 674w, https:\/\/hahne.academy\/wp-content\/uploads\/2024\/06\/buchcover-768x1168.jpg 768w, https:\/\/hahne.academy\/wp-content\/uploads\/2024\/06\/buchcover-8x12.jpg 8w\" sizes=\"(max-width: 842px) 100vw, 842px\" \/>\n\t\t\t\t\t\t\t\t\t<\/div>\n\t\t\t\t<div class=\"premium-person-info\">\n\t\t\t\t\t\t\t\t<div class=\"premium-person-info-container\">\n\t\t\t\t\t\t\t\t\t<div class=\"premium-person-title-desc-wrap\">\n\t\t\t\t\t\t\t\t\t\t<\/div>\n\t\t\t\t\t\t\t\t\t\t<div class=\"premium-person-name-icons-wrap\">\n\t\t\t\t\t\t\t\t\t\t\t<\/div>\n\t\t\t\t\t\t\t\t<\/div>\n\t\t\t\t\t\t\t<\/div>\n\t\t\t<\/div>\n\t\t\t\t\t\t<\/div>\n\t\t\t\t\t\t<\/div>\n\t\t\t\t<\/div>\n\t\t\t\t<\/a>\n\t\t<div class=\"elementor-element elementor-element-dffb86c e-con-full e-flex wpr-particle-no wpr-jarallax-no wpr-parallax-no wpr-sticky-section-no wpr-equal-height-no e-con e-child\" data-id=\"dffb86c\" data-element_type=\"container\" data-e-type=\"container\">\n\t\t\t\t<div class=\"elementor-element elementor-element-e0561ab elementor-widget elementor-widget-icon-box\" data-id=\"e0561ab\" data-element_type=\"widget\" data-e-type=\"widget\" data-widget_type=\"icon-box.default\">\n\t\t\t\t<div class=\"elementor-widget-container\">\n\t\t\t\t\t\t\t<div class=\"elementor-icon-box-wrapper\">\n\n\t\t\t\n\t\t\t\t\t\t<div class=\"elementor-icon-box-content\">\n\n\t\t\t\t\t\t\t\t\t<h2 class=\"elementor-icon-box-title\">\n\t\t\t\t\t\t<span  >\n\t\t\t\t\t\t\tPida hoy mismo el bestseller\t\t\t\t\t\t<\/span>\n\t\t\t\t\t<\/h2>\n\t\t\t\t\n\t\t\t\t\t\t\t\t\t<p class=\"elementor-icon-box-description\">\n\t\t\t\t\t\tLa modelizaci\u00f3n de los sistemas de inteligencia empresarial (BI) abarca una serie de facetas diferentes que deben evaluarse en el contexto del BI operativo, el almacenamiento \u00e1gil, el BI en tiempo real y el autoservicio.\n\nEste libro describe la arquitectura y el dise\u00f1o de sistemas de informaci\u00f3n orientados al an\u00e1lisis para toda la empresa, en particular desde la perspectiva de los requisitos empresariales cada vez m\u00e1s \u00e1giles y su soporte mediante\nm\u00e9todos de BI. Adem\u00e1s de la presentaci\u00f3n de las mejores pr\u00e1cticas en historizaci\u00f3n y modelado de data mart, la estructura de un almac\u00e9n de datos empresarial es de importancia central.\t\t\t\t\t<\/p>\n\t\t\t\t\n\t\t\t<\/div>\n\t\t\t\n\t\t<\/div>\n\t\t\t\t\t\t<\/div>\n\t\t\t\t<\/div>\n\t\t\t\t<div class=\"elementor-element elementor-element-5a73d71 elementor-align-left elementor-widget elementor-widget-button\" data-id=\"5a73d71\" data-element_type=\"widget\" data-e-type=\"widget\" data-widget_type=\"button.default\">\n\t\t\t\t<div class=\"elementor-widget-container\">\n\t\t\t\t\t\t\t\t\t<div class=\"elementor-button-wrapper\">\n\t\t\t\t\t<a class=\"elementor-button elementor-button-link elementor-size-sm\" href=\"https:\/\/amzn.eu\/d\/0cqptIDU\" target=\"_blank\">\n\t\t\t\t\t\t<span class=\"elementor-button-content-wrapper\">\n\t\t\t\t\t\t\t\t\t<span class=\"elementor-button-text\">Sobre el libro<\/span>\n\t\t\t\t\t<\/span>\n\t\t\t\t\t<\/a>\n\t\t\t\t<\/div>\n\t\t\t\t\t\t\t\t<\/div>\n\t\t\t\t<\/div>\n\t\t\t\t<div class=\"elementor-element elementor-element-3f343fd elementor-widget elementor-widget-html\" data-id=\"3f343fd\" data-element_type=\"widget\" data-e-type=\"widget\" data-widget_type=\"html.default\">\n\t\t\t\t<div class=\"elementor-widget-container\">\n\t\t\t\t\t<img decoding=\"async\" src=\"https:\/\/vg02.met.vgwort.de\/na\/ffcf42d6e85b4eca81bed55a9e322660\" width=\"1\" height=\"1\" alt=\"\">\t\t\t\t<\/div>\n\t\t\t\t<\/div>\n\t\t\t\t<\/div>\n\t\t\t\t<\/div>\n\t\t<div class=\"elementor-element elementor-element-4d1b1a4 e-con-full e-flex wpr-particle-no wpr-jarallax-no wpr-parallax-no wpr-sticky-section-no wpr-equal-height-no e-con e-child\" data-id=\"4d1b1a4\" data-element_type=\"container\" data-e-type=\"container\" id=\"books\">\n\t\t<div class=\"elementor-element elementor-element-387376c e-con-full e-flex wpr-particle-no wpr-jarallax-no wpr-parallax-no wpr-sticky-section-no wpr-equal-height-no e-con e-child\" data-id=\"387376c\" data-element_type=\"container\" data-e-type=\"container\">\n\t\t<div class=\"elementor-element elementor-element-4c60d50 e-con-full e-flex wpr-particle-no wpr-jarallax-no wpr-parallax-no wpr-sticky-section-no wpr-equal-height-no e-con e-child\" data-id=\"4c60d50\" data-element_type=\"container\" data-e-type=\"container\">\n\t\t\t\t<div class=\"elementor-element elementor-element-26a2e73 premium-persons-title-ccw bookElement elementor-widget elementor-widget-premium-addon-person\" data-id=\"26a2e73\" data-element_type=\"widget\" data-e-type=\"widget\" data-widget_type=\"premium-addon-person.default\">\n\t\t\t\t<div class=\"elementor-widget-container\">\n\t\t\t\t\t\t\t<div class=\"premium-persons-container premium-person-style3\">\n\t\t\t\t\t\t<div class=\"premium-person-container premium-person-zoomin-effect\">\n\n\t\t\t\t<div class=\"premium-person-image-container\">\n\t\t\t\t\t<img decoding=\"async\" width=\"1707\" height=\"2560\" src=\"https:\/\/hahne.academy\/wp-content\/uploads\/2024\/06\/buch.jpg\" class=\"attachment-full size-full wp-image-126\" alt=\"\" srcset=\"https:\/\/hahne.academy\/wp-content\/uploads\/2024\/06\/buch.jpg 1707w, https:\/\/hahne.academy\/wp-content\/uploads\/2024\/06\/buch-200x300.jpg 200w, https:\/\/hahne.academy\/wp-content\/uploads\/2024\/06\/buch-683x1024.jpg 683w, https:\/\/hahne.academy\/wp-content\/uploads\/2024\/06\/buch-768x1152.jpg 768w, https:\/\/hahne.academy\/wp-content\/uploads\/2024\/06\/buch-1024x1536.jpg 1024w, https:\/\/hahne.academy\/wp-content\/uploads\/2024\/06\/buch-1366x2048.jpg 1366w\" sizes=\"(max-width: 1707px) 100vw, 1707px\" \/>\n\t\t\t\t\t\t\t\t\t<\/div>\n\t\t\t\t<div class=\"premium-person-info\">\n\t\t\t\t\t\t\t\t<div class=\"premium-person-info-container\">\n\t\t\t\t\t\t\t\t\t<div class=\"premium-person-title-desc-wrap\">\n\t\t\t\t\t\t\t\t\t\t\t<h4 class=\"premium-person-title\">\n\t\t\t\t\t\t\t<span>A\u00f1o de publicaci\u00f3n<\/span>\n\t\t\t\t\t\t<\/h4>\n\t\t\t\t\t\t\t\t\t\t<\/div>\n\t\t\t\t\t\t\t\t\t\t<div class=\"premium-person-name-icons-wrap\">\n\t\t\t\t\t\t\t\t\t\t\t\t\t<h2 class=\"premium-person-name\"><span class=\"premium-person-name\">T\u00edtulo del libro<\/span><\/h2>\n\t\t\t\t\t\t\t\t\t\t\t\t<\/div>\n\t\t\t\t\t\t\t\t<\/div>\n\t\t\t\t\t\t\t<\/div>\n\t\t\t<\/div>\n\t\t\t\t\t\t<\/div>\n\t\t\t\t\t\t<\/div>\n\t\t\t\t<\/div>\n\t\t\t\t<\/div>\n\t\t<div class=\"elementor-element elementor-element-c238197 e-con-full e-flex wpr-particle-no wpr-jarallax-no wpr-parallax-no wpr-sticky-section-no wpr-equal-height-no e-con e-child\" data-id=\"c238197\" data-element_type=\"container\" data-e-type=\"container\">\n\t\t\t\t<div class=\"elementor-element elementor-element-d7f9d52 premium-persons-title-ccw bookElement elementor-widget elementor-widget-premium-addon-person\" data-id=\"d7f9d52\" data-element_type=\"widget\" data-e-type=\"widget\" data-widget_type=\"premium-addon-person.default\">\n\t\t\t\t<div class=\"elementor-widget-container\">\n\t\t\t\t\t\t\t<div class=\"premium-persons-container premium-person-style3\">\n\t\t\t\t\t\t<div class=\"premium-person-container premium-person-zoomin-effect\">\n\n\t\t\t\t<div class=\"premium-person-image-container\">\n\t\t\t\t\t<img decoding=\"async\" width=\"1707\" height=\"2560\" src=\"https:\/\/hahne.academy\/wp-content\/uploads\/2024\/06\/buch.jpg\" class=\"attachment-full size-full wp-image-126\" alt=\"\" srcset=\"https:\/\/hahne.academy\/wp-content\/uploads\/2024\/06\/buch.jpg 1707w, https:\/\/hahne.academy\/wp-content\/uploads\/2024\/06\/buch-200x300.jpg 200w, https:\/\/hahne.academy\/wp-content\/uploads\/2024\/06\/buch-683x1024.jpg 683w, https:\/\/hahne.academy\/wp-content\/uploads\/2024\/06\/buch-768x1152.jpg 768w, https:\/\/hahne.academy\/wp-content\/uploads\/2024\/06\/buch-1024x1536.jpg 1024w, https:\/\/hahne.academy\/wp-content\/uploads\/2024\/06\/buch-1366x2048.jpg 1366w\" sizes=\"(max-width: 1707px) 100vw, 1707px\" \/>\n\t\t\t\t\t\t\t\t\t<\/div>\n\t\t\t\t<div class=\"premium-person-info\">\n\t\t\t\t\t\t\t\t<div class=\"premium-person-info-container\">\n\t\t\t\t\t\t\t\t\t<div class=\"premium-person-title-desc-wrap\">\n\t\t\t\t\t\t\t\t\t\t\t<h4 class=\"premium-person-title\">\n\t\t\t\t\t\t\t<span>A\u00f1o de publicaci\u00f3n<\/span>\n\t\t\t\t\t\t<\/h4>\n\t\t\t\t\t\t\t\t\t\t<\/div>\n\t\t\t\t\t\t\t\t\t\t<div class=\"premium-person-name-icons-wrap\">\n\t\t\t\t\t\t\t\t\t\t\t\t\t<h2 class=\"premium-person-name\"><span class=\"premium-person-name\">T\u00edtulo del libro<\/span><\/h2>\n\t\t\t\t\t\t\t\t\t\t\t\t<\/div>\n\t\t\t\t\t\t\t\t<\/div>\n\t\t\t\t\t\t\t<\/div>\n\t\t\t<\/div>\n\t\t\t\t\t\t<\/div>\n\t\t\t\t\t\t<\/div>\n\t\t\t\t<\/div>\n\t\t\t\t<\/div>\n\t\t<div class=\"elementor-element elementor-element-55c7458 e-con-full e-flex wpr-particle-no wpr-jarallax-no wpr-parallax-no wpr-sticky-section-no wpr-equal-height-no e-con e-child\" data-id=\"55c7458\" data-element_type=\"container\" data-e-type=\"container\">\n\t\t\t\t<div class=\"elementor-element elementor-element-e5351f1 premium-persons-title-ccw bookElement elementor-widget elementor-widget-premium-addon-person\" data-id=\"e5351f1\" data-element_type=\"widget\" data-e-type=\"widget\" data-widget_type=\"premium-addon-person.default\">\n\t\t\t\t<div class=\"elementor-widget-container\">\n\t\t\t\t\t\t\t<div class=\"premium-persons-container premium-person-style3\">\n\t\t\t\t\t\t<div class=\"premium-person-container premium-person-zoomin-effect\">\n\n\t\t\t\t<div class=\"premium-person-image-container\">\n\t\t\t\t\t<img decoding=\"async\" width=\"1707\" height=\"2560\" src=\"https:\/\/hahne.academy\/wp-content\/uploads\/2024\/06\/buch.jpg\" class=\"attachment-full size-full wp-image-126\" alt=\"\" srcset=\"https:\/\/hahne.academy\/wp-content\/uploads\/2024\/06\/buch.jpg 1707w, https:\/\/hahne.academy\/wp-content\/uploads\/2024\/06\/buch-200x300.jpg 200w, https:\/\/hahne.academy\/wp-content\/uploads\/2024\/06\/buch-683x1024.jpg 683w, https:\/\/hahne.academy\/wp-content\/uploads\/2024\/06\/buch-768x1152.jpg 768w, https:\/\/hahne.academy\/wp-content\/uploads\/2024\/06\/buch-1024x1536.jpg 1024w, https:\/\/hahne.academy\/wp-content\/uploads\/2024\/06\/buch-1366x2048.jpg 1366w\" sizes=\"(max-width: 1707px) 100vw, 1707px\" \/>\n\t\t\t\t\t\t\t\t\t<\/div>\n\t\t\t\t<div class=\"premium-person-info\">\n\t\t\t\t\t\t\t\t<div class=\"premium-person-info-container\">\n\t\t\t\t\t\t\t\t\t<div class=\"premium-person-title-desc-wrap\">\n\t\t\t\t\t\t\t\t\t\t\t<h4 class=\"premium-person-title\">\n\t\t\t\t\t\t\t<span>A\u00f1o de publicaci\u00f3n<\/span>\n\t\t\t\t\t\t<\/h4>\n\t\t\t\t\t\t\t\t\t\t<\/div>\n\t\t\t\t\t\t\t\t\t\t<div class=\"premium-person-name-icons-wrap\">\n\t\t\t\t\t\t\t\t\t\t\t\t\t<h2 class=\"premium-person-name\"><span class=\"premium-person-name\">T\u00edtulo del libro<\/span><\/h2>\n\t\t\t\t\t\t\t\t\t\t\t\t<\/div>\n\t\t\t\t\t\t\t\t<\/div>\n\t\t\t\t\t\t\t<\/div>\n\t\t\t<\/div>\n\t\t\t\t\t\t<\/div>\n\t\t\t\t\t\t<\/div>\n\t\t\t\t<\/div>\n\t\t\t\t<\/div>\n\t\t\t\t<\/div>\n\t\t<div class=\"elementor-element elementor-element-b7ebf7a e-con-full e-flex wpr-particle-no wpr-jarallax-no wpr-parallax-no wpr-sticky-section-no wpr-equal-height-no e-con e-child\" data-id=\"b7ebf7a\" data-element_type=\"container\" data-e-type=\"container\">\n\t\t<div class=\"elementor-element elementor-element-fc7b9e3 e-con-full e-flex wpr-particle-no wpr-jarallax-no wpr-parallax-no wpr-sticky-section-no wpr-equal-height-no e-con e-child\" data-id=\"fc7b9e3\" data-element_type=\"container\" data-e-type=\"container\">\n\t\t\t\t<div class=\"elementor-element elementor-element-59690ae premium-persons-title-ccw bookElement elementor-widget elementor-widget-premium-addon-person\" data-id=\"59690ae\" data-element_type=\"widget\" data-e-type=\"widget\" data-widget_type=\"premium-addon-person.default\">\n\t\t\t\t<div class=\"elementor-widget-container\">\n\t\t\t\t\t\t\t<div class=\"premium-persons-container premium-person-style3\">\n\t\t\t\t\t\t<div class=\"premium-person-container premium-person-zoomin-effect\">\n\n\t\t\t\t<div class=\"premium-person-image-container\">\n\t\t\t\t\t<img decoding=\"async\" width=\"1707\" height=\"2560\" src=\"https:\/\/hahne.academy\/wp-content\/uploads\/2024\/06\/buch.jpg\" class=\"attachment-full size-full wp-image-126\" alt=\"\" srcset=\"https:\/\/hahne.academy\/wp-content\/uploads\/2024\/06\/buch.jpg 1707w, https:\/\/hahne.academy\/wp-content\/uploads\/2024\/06\/buch-200x300.jpg 200w, https:\/\/hahne.academy\/wp-content\/uploads\/2024\/06\/buch-683x1024.jpg 683w, https:\/\/hahne.academy\/wp-content\/uploads\/2024\/06\/buch-768x1152.jpg 768w, https:\/\/hahne.academy\/wp-content\/uploads\/2024\/06\/buch-1024x1536.jpg 1024w, https:\/\/hahne.academy\/wp-content\/uploads\/2024\/06\/buch-1366x2048.jpg 1366w\" sizes=\"(max-width: 1707px) 100vw, 1707px\" \/>\n\t\t\t\t\t\t\t\t\t<\/div>\n\t\t\t\t<div class=\"premium-person-info\">\n\t\t\t\t\t\t\t\t<div class=\"premium-person-info-container\">\n\t\t\t\t\t\t\t\t\t<div class=\"premium-person-title-desc-wrap\">\n\t\t\t\t\t\t\t\t\t\t\t<h4 class=\"premium-person-title\">\n\t\t\t\t\t\t\t<span>A\u00f1o de publicaci\u00f3n<\/span>\n\t\t\t\t\t\t<\/h4>\n\t\t\t\t\t\t\t\t\t\t<\/div>\n\t\t\t\t\t\t\t\t\t\t<div class=\"premium-person-name-icons-wrap\">\n\t\t\t\t\t\t\t\t\t\t\t\t\t<h2 class=\"premium-person-name\"><span class=\"premium-person-name\">T\u00edtulo del libro<\/span><\/h2>\n\t\t\t\t\t\t\t\t\t\t\t\t<\/div>\n\t\t\t\t\t\t\t\t<\/div>\n\t\t\t\t\t\t\t<\/div>\n\t\t\t<\/div>\n\t\t\t\t\t\t<\/div>\n\t\t\t\t\t\t<\/div>\n\t\t\t\t<\/div>\n\t\t\t\t<\/div>\n\t\t<div class=\"elementor-element elementor-element-7bc3bfc e-con-full e-flex wpr-particle-no wpr-jarallax-no wpr-parallax-no wpr-sticky-section-no wpr-equal-height-no e-con e-child\" data-id=\"7bc3bfc\" data-element_type=\"container\" data-e-type=\"container\">\n\t\t\t\t<div class=\"elementor-element elementor-element-b6df908 premium-persons-title-ccw bookElement elementor-widget elementor-widget-premium-addon-person\" data-id=\"b6df908\" data-element_type=\"widget\" data-e-type=\"widget\" data-widget_type=\"premium-addon-person.default\">\n\t\t\t\t<div class=\"elementor-widget-container\">\n\t\t\t\t\t\t\t<div class=\"premium-persons-container premium-person-style3\">\n\t\t\t\t\t\t<div class=\"premium-person-container premium-person-zoomin-effect\">\n\n\t\t\t\t<div class=\"premium-person-image-container\">\n\t\t\t\t\t<img decoding=\"async\" width=\"1707\" height=\"2560\" src=\"https:\/\/hahne.academy\/wp-content\/uploads\/2024\/06\/buch.jpg\" class=\"attachment-full size-full wp-image-126\" alt=\"\" srcset=\"https:\/\/hahne.academy\/wp-content\/uploads\/2024\/06\/buch.jpg 1707w, https:\/\/hahne.academy\/wp-content\/uploads\/2024\/06\/buch-200x300.jpg 200w, https:\/\/hahne.academy\/wp-content\/uploads\/2024\/06\/buch-683x1024.jpg 683w, https:\/\/hahne.academy\/wp-content\/uploads\/2024\/06\/buch-768x1152.jpg 768w, https:\/\/hahne.academy\/wp-content\/uploads\/2024\/06\/buch-1024x1536.jpg 1024w, https:\/\/hahne.academy\/wp-content\/uploads\/2024\/06\/buch-1366x2048.jpg 1366w\" sizes=\"(max-width: 1707px) 100vw, 1707px\" \/>\n\t\t\t\t\t\t\t\t\t<\/div>\n\t\t\t\t<div class=\"premium-person-info\">\n\t\t\t\t\t\t\t\t<div class=\"premium-person-info-container\">\n\t\t\t\t\t\t\t\t\t<div class=\"premium-person-title-desc-wrap\">\n\t\t\t\t\t\t\t\t\t\t\t<h4 class=\"premium-person-title\">\n\t\t\t\t\t\t\t<span>A\u00f1o de publicaci\u00f3n<\/span>\n\t\t\t\t\t\t<\/h4>\n\t\t\t\t\t\t\t\t\t\t<\/div>\n\t\t\t\t\t\t\t\t\t\t<div class=\"premium-person-name-icons-wrap\">\n\t\t\t\t\t\t\t\t\t\t\t\t\t<h2 class=\"premium-person-name\"><span class=\"premium-person-name\">T\u00edtulo del libro<\/span><\/h2>\n\t\t\t\t\t\t\t\t\t\t\t\t<\/div>\n\t\t\t\t\t\t\t\t<\/div>\n\t\t\t\t\t\t\t<\/div>\n\t\t\t<\/div>\n\t\t\t\t\t\t<\/div>\n\t\t\t\t\t\t<\/div>\n\t\t\t\t<\/div>\n\t\t\t\t<\/div>\n\t\t\t\t<\/div>\n\t\t\t\t<\/div>\n\t\t\t\t\t<\/div>\n\t\t\t\t<\/div>\n\t\t\t\t<\/div>","protected":false},"excerpt":{"rendered":"<p>Pida hoy mismo el bestseller El modelado de sistemas de inteligencia empresarial (BI) abarca una variedad de facetas diferentes que deben evaluarse en el contexto del BI operativo, el almacenamiento \u00e1gil, el BI en tiempo real y el autoservicio. Este libro describe la arquitectura y el dise\u00f1o de sistemas de informaci\u00f3n orientados al an\u00e1lisis para toda la empresa, en particular en lo que respecta a los requisitos empresariales cada vez m\u00e1s \u00e1giles y su soporte mediante m\u00e9todos de BI. Adem\u00e1s de la presentaci\u00f3n de las mejores pr\u00e1cticas en historizaci\u00f3n y modelado de data mart, la estructura de un almac\u00e9n de datos empresarial es de vital importancia. Acerca del libro A\u00f1o de publicaci\u00f3n T\u00edtulo del libro A\u00f1o de publicaci\u00f3n T\u00edtulo del libro A\u00f1o de publicaci\u00f3n T\u00edtulo del libro A\u00f1o de publicaci\u00f3n T\u00edtulo del libro A\u00f1o de publicaci\u00f3n T\u00edtulo del libro<\/p>","protected":false},"author":2,"featured_media":0,"parent":0,"menu_order":0,"comment_status":"closed","ping_status":"closed","template":"elementor_header_footer","meta":{"_acf_changed":false,"_bbp_topic_count":0,"_bbp_reply_count":0,"_bbp_total_topic_count":0,"_bbp_total_reply_count":0,"_bbp_voice_count":0,"_bbp_anonymous_reply_count":0,"_bbp_topic_count_hidden":0,"_bbp_reply_count_hidden":0,"_bbp_forum_subforum_count":0,"footnotes":""},"class_list":["post-109","page","type-page","status-publish","hentry"],"acf":[],"_links":{"self":[{"href":"https:\/\/hahne.academy\/es\/wp-json\/wp\/v2\/pages\/109","targetHints":{"allow":["GET"]}}],"collection":[{"href":"https:\/\/hahne.academy\/es\/wp-json\/wp\/v2\/pages"}],"about":[{"href":"https:\/\/hahne.academy\/es\/wp-json\/wp\/v2\/types\/page"}],"author":[{"embeddable":true,"href":"https:\/\/hahne.academy\/es\/wp-json\/wp\/v2\/users\/2"}],"replies":[{"embeddable":true,"href":"https:\/\/hahne.academy\/es\/wp-json\/wp\/v2\/comments?post=109"}],"version-history":[{"count":115,"href":"https:\/\/hahne.academy\/es\/wp-json\/wp\/v2\/pages\/109\/revisions"}],"predecessor-version":[{"id":3184,"href":"https:\/\/hahne.academy\/es\/wp-json\/wp\/v2\/pages\/109\/revisions\/3184"}],"wp:attachment":[{"href":"https:\/\/hahne.academy\/es\/wp-json\/wp\/v2\/media?parent=109"}],"curies":[{"name":"wp","href":"https:\/\/api.w.org\/{rel}","templated":true}]}}