{"id":5033,"date":"2025-11-10T16:15:14","date_gmt":"2025-11-10T16:15:14","guid":{"rendered":"https:\/\/hahne.academy\/?page_id=5033"},"modified":"2026-04-09T14:34:46","modified_gmt":"2026-04-09T14:34:46","slug":"cdmp-trainings","status":"publish","type":"page","link":"https:\/\/hahne.academy\/es\/cdmp-trainings\/","title":{"rendered":"Formaci\u00f3n CDMP"},"content":{"rendered":"<div data-elementor-type=\"wp-page\" data-elementor-id=\"5033\" class=\"elementor elementor-5033\" data-elementor-post-type=\"page\">\n\t\t\t\t<div class=\"elementor-element elementor-element-78fbb082 e-flex e-con-boxed wpr-particle-no wpr-jarallax-no wpr-parallax-no wpr-sticky-section-no wpr-equal-height-no e-con e-parent\" data-id=\"78fbb082\" data-element_type=\"container\" data-e-type=\"container\" data-settings=\"{&quot;background_background&quot;:&quot;classic&quot;}\">\n\t\t\t\t\t<div class=\"e-con-inner\">\n\t\t<div class=\"elementor-element elementor-element-59dcfe2a e-con-full e-flex wpr-particle-no wpr-jarallax-no wpr-parallax-no wpr-sticky-section-no wpr-equal-height-no e-con e-child\" data-id=\"59dcfe2a\" data-element_type=\"container\" data-e-type=\"container\">\n\t\t\t\t<\/div>\n\t\t\t\t\t<\/div>\n\t\t\t\t<\/div>\n\t\t<div class=\"elementor-element elementor-element-c205660 e-flex e-con-boxed wpr-particle-no wpr-jarallax-no wpr-parallax-no wpr-sticky-section-no wpr-equal-height-no e-con e-parent\" data-id=\"c205660\" data-element_type=\"container\" data-e-type=\"container\">\n\t\t\t\t\t<div class=\"e-con-inner\">\n\t\t<div class=\"elementor-element elementor-element-6d93fe6 e-con-full e-flex wpr-particle-no wpr-jarallax-no wpr-parallax-no wpr-sticky-section-no wpr-equal-height-no e-con e-child\" data-id=\"6d93fe6\" data-element_type=\"container\" data-e-type=\"container\">\n\t\t\t\t<div class=\"elementor-element elementor-element-2cd1cf0 elementor-widget elementor-widget-icon-box\" data-id=\"2cd1cf0\" data-element_type=\"widget\" data-e-type=\"widget\" data-widget_type=\"icon-box.default\">\n\t\t\t\t<div class=\"elementor-widget-container\">\n\t\t\t\t\t\t\t<div class=\"elementor-icon-box-wrapper\">\n\n\t\t\t\n\t\t\t\t\t\t<div class=\"elementor-icon-box-content\">\n\n\t\t\t\t\t\t\t\t\t<h2 class=\"elementor-icon-box-title\">\n\t\t\t\t\t\t<span  >\n\t\t\t\t\t\t\tFormaci\u00f3n oficial para la certificaci\u00f3n CDMP: Inscr\u00edbase ahora\t\t\t\t\t\t<\/span>\n\t\t\t\t\t<\/h2>\n\t\t\t\t\n\t\t\t\t\t\t\t\t\t<p class=\"elementor-icon-box-description\">\n\t\t\t\t\t\t<strong>736 historias de \u00e9xito: \u00bfQu\u00e9 hace que nuestros cursos CDMP sean tan especiales?<\/strong><br><br>\nEn un mundo en el que las herramientas y los puestos de trabajo cambian m\u00e1s r\u00e1pido que nunca, nos centramos en lo que realmente perdura: Experiencias de aprendizaje que crean un verdadero valor a\u00f1adido.<br><br>Nuestros cursos CDMP van m\u00e1s all\u00e1 de la pura teor\u00eda. Le preparan espec\u00edficamente para la certificaci\u00f3n internacional DAMA, reconocida en todo el mundo y basada en el DAMA DMBoK 2.0. \u00bfQu\u00e9 nos diferencia? Apoyo personalizado, animados debates y una comunidad de aprendizaje en la que los participantes se motivan e inspiran mutuamente.<br><br>Y las cifras de nuestros participantes hablan por s\u00ed solas:<br><br>\n\u2022 <strong>98,3 % Porcentaje de aprobados en el examen CDMP<\/strong> <br>\n\u2022 <strong>78,6 Puntuaci\u00f3n media de la certificaci\u00f3n<\/strong>\n<br><br>\u00bfPor qu\u00e9 participar en nuestros cursos CDMP en directo?<br><br>\n- Comprender el panorama general: Aprenda a conectar los conocimientos sobre datos y a aplicarlos en un contexto empresarial.<br>\n- Apruebe con confianza: el 95 % de nuestros participantes aprueban el examen en su primer intento.<br>\n- Refuerce su credibilidad: La certificaci\u00f3n CDMP abre puertas en TI, anal\u00edtica, estrategia y m\u00e1s all\u00e1.<br><br><strong>El material de formaci\u00f3n y el examen de certificaci\u00f3n est\u00e1n en ingl\u00e9s. El contenido (explicaciones, debates, preguntas y respuestas) se imparte en alem\u00e1n o en ingl\u00e9s (v\u00e9ase m\u00e1s abajo).<\/strong>\t\t\t\t\t<\/p>\n\t\t\t\t\n\t\t\t<\/div>\n\t\t\t\n\t\t<\/div>\n\t\t\t\t\t\t<\/div>\n\t\t\t\t<\/div>\n\t\t\t\t<div class=\"elementor-element elementor-element-f811c7d elementor-widget elementor-widget-html\" data-id=\"f811c7d\" data-element_type=\"widget\" data-e-type=\"widget\" data-widget_type=\"html.default\">\n\t\t\t\t<div class=\"elementor-widget-container\">\n\t\t\t\t\t<style>@keyframes pulse-blue {\r\n  0% {\r\n    box-shadow: 0 0 0 0 rgba(4, 55, 139, 0.7);\r\n  }\r\n  70% {\r\n    box-shadow: 0 0 0 15px rgba(4, 55, 139, 0);\r\n  }\r\n  100% {\r\n    box-shadow: 0 0 0 0 rgba(4, 55, 139, 0);\r\n  }\r\n}\r\n\r\n.pulse-active {\r\n  animation: pulse-blue 1.5s infinite;\r\n  border-radius: 8px; \/* Optional: smooths the shadow corners *\/\r\n}\r\n<\/style>\r\n<script>\r\n    document.addEventListener(\"DOMContentLoaded\", function () {\r\n  function applyPulse() {\r\n    const hash = window.location.hash;\r\n\r\n    \/\/ Check if the hash matches our targets\r\n    if (hash === \"#online\" || hash === \"#offline\") {\r\n      const targetElement = document.querySelector(hash);\r\n\r\n      if (targetElement) {\r\n        \/\/ Add the animation class\r\n        targetElement.classList.add(\"pulse-active\");\r\n\r\n        \/\/ Remove the class after 3 seconds\r\n        setTimeout(() => {\r\n          targetElement.classList.remove(\"pulse-active\");\r\n        }, 3000);\r\n      }\r\n    }\r\n  }\r\n\r\n  \/\/ Run on initial page load\r\n  applyPulse();\r\n\r\n  \/\/ Run if the URL hash changes without a page reload (menu clicks)\r\n  window.addEventListener(\"hashchange\", applyPulse);\r\n});\r\n<\/script>\t\t\t\t<\/div>\n\t\t\t\t<\/div>\n\t\t\t\t<div class=\"elementor-element elementor-element-ed332f6 elementor-widget elementor-widget-icon-box\" data-id=\"ed332f6\" data-element_type=\"widget\" data-e-type=\"widget\" data-widget_type=\"icon-box.default\">\n\t\t\t\t<div class=\"elementor-widget-container\">\n\t\t\t\t\t\t\t<div class=\"elementor-icon-box-wrapper\">\n\n\t\t\t\n\t\t\t\t\t\t<div class=\"elementor-icon-box-content\">\n\n\t\t\t\t\t\t\t\t\t<h3 class=\"elementor-icon-box-title\">\n\t\t\t\t\t\t<span  >\n\t\t\t\t\t\t\tFechas y lugar:\t\t\t\t\t\t<\/span>\n\t\t\t\t\t<\/h3>\n\t\t\t\t\n\t\t\t\t\n\t\t\t<\/div>\n\t\t\t\n\t\t<\/div>\n\t\t\t\t\t\t<\/div>\n\t\t\t\t<\/div>\n\t\t\t\t<div class=\"elementor-element elementor-element-075e9ca elementor-widget elementor-widget-icon-box\" data-id=\"075e9ca\" data-element_type=\"widget\" data-e-type=\"widget\" id=\"offline\" data-widget_type=\"icon-box.default\">\n\t\t\t\t<div class=\"elementor-widget-container\">\n\t\t\t\t\t\t\t<div class=\"elementor-icon-box-wrapper\">\n\n\t\t\t\n\t\t\t\t\t\t<div class=\"elementor-icon-box-content\">\n\n\t\t\t\t\n\t\t\t\t\t\t\t\t\t<p class=\"elementor-icon-box-description\">\n\t\t\t\t\t\t<strong>Seminarios presenciales<\/strong>\n<br>Del 19 al 21 de mayo de 2026 en M\u00fanich - contenidos impartidos en alem\u00e1n<br>Del 9 al 11 de junio de 2026 en Hamburgo - contenidos impartidos en alem\u00e1n<br>Del 4 al 6 de agosto de 2026 en Hamburgo - contenido impartido en ingl\u00e9s<br>Del 1 al 3 de septiembre de 2026 en M\u00fanich - contenidos impartidos en alem\u00e1n<br>Del 20 al 22 de octubre de 2026 en Hamburgo - contenidos impartidos en alem\u00e1n<br>Del 10 al 12 de noviembre de 2026 en M\u00fanich - contenido impartido en ingl\u00e9s\t\t\t\t\t<\/p>\n\t\t\t\t\n\t\t\t<\/div>\n\t\t\t\n\t\t<\/div>\n\t\t\t\t\t\t<\/div>\n\t\t\t\t<\/div>\n\t\t\t\t<div class=\"elementor-element elementor-element-64f7db6 elementor-widget elementor-widget-icon-box\" data-id=\"64f7db6\" data-element_type=\"widget\" data-e-type=\"widget\" id=\"online\" data-widget_type=\"icon-box.default\">\n\t\t\t\t<div class=\"elementor-widget-container\">\n\t\t\t\t\t\t\t<div class=\"elementor-icon-box-wrapper\">\n\n\t\t\t\n\t\t\t\t\t\t<div class=\"elementor-icon-box-content\">\n\n\t\t\t\t\n\t\t\t\t\t\t\t\t\t<p class=\"elementor-icon-box-description\">\n\t\t\t\t\t\t<strong>Seminarios en l\u00ednea (todos los d\u00edas de 14.00 a 18.00 horas CET)<\/strong><br>\nPrimavera de 2026 (28 de abril, 29 de abril, 30 de abril, 5 de mayo, 6 de mayo, 7 de mayo)<br>\nOto\u00f1o 2026 (22 sep, 23 sep, 24 sep, 29 sep, 30 sep, 1 oct)\t\t\t\t\t<\/p>\n\t\t\t\t\n\t\t\t<\/div>\n\t\t\t\n\t\t<\/div>\n\t\t\t\t\t\t<\/div>\n\t\t\t\t<\/div>\n\t\t<div class=\"elementor-element elementor-element-66f0e18 e-con-full e-flex wpr-particle-no wpr-jarallax-no wpr-parallax-no wpr-sticky-section-no wpr-equal-height-no e-con e-child\" data-id=\"66f0e18\" data-element_type=\"container\" data-e-type=\"container\">\n\t\t\t\t<div class=\"elementor-element elementor-element-66eef73 elementor-widget__width-initial elementor-widget elementor-widget-button\" data-id=\"66eef73\" data-element_type=\"widget\" data-e-type=\"widget\" data-widget_type=\"button.default\">\n\t\t\t\t<div class=\"elementor-widget-container\">\n\t\t\t\t\t\t\t\t\t<div class=\"elementor-button-wrapper\">\n\t\t\t\t\t<a class=\"elementor-button elementor-button-link elementor-size-sm\" href=\"https:\/\/hahne-academy-cdmp-en.klicktipp.site\" target=\"_blank\">\n\t\t\t\t\t\t<span class=\"elementor-button-content-wrapper\">\n\t\t\t\t\t\t\t\t\t<span class=\"elementor-button-text\">&nbsp;&nbsp;&nbsp;&nbsp;Para m\u00e1s informaci\u00f3n&nbsp;&nbsp;&nbsp;&nbsp;&nbsp;<\/span>\n\t\t\t\t\t<\/span>\n\t\t\t\t\t<\/a>\n\t\t\t\t<\/div>\n\t\t\t\t\t\t\t\t<\/div>\n\t\t\t\t<\/div>\n\t\t\t\t<div class=\"elementor-element elementor-element-26b09ac elementor-widget__width-initial elementor-widget elementor-widget-button\" data-id=\"26b09ac\" data-element_type=\"widget\" data-e-type=\"widget\" data-widget_type=\"button.default\">\n\t\t\t\t<div class=\"elementor-widget-container\">\n\t\t\t\t\t\t\t\t\t<div class=\"elementor-button-wrapper\">\n\t\t\t\t\t<a class=\"elementor-button elementor-button-link elementor-size-sm\" href=\"https:\/\/connecteddataacademy.com\/dama-cdmp-german\/\" target=\"_blank\">\n\t\t\t\t\t\t<span class=\"elementor-button-content-wrapper\">\n\t\t\t\t\t\t\t\t\t<span class=\"elementor-button-text\">Al registro<\/span>\n\t\t\t\t\t<\/span>\n\t\t\t\t\t<\/a>\n\t\t\t\t<\/div>\n\t\t\t\t\t\t\t\t<\/div>\n\t\t\t\t<\/div>\n\t\t\t\t<\/div>\n\t\t\t\t<\/div>\n\t\t<div class=\"elementor-element elementor-element-d2ac03b e-con-full e-flex wpr-particle-no wpr-jarallax-no wpr-parallax-no wpr-sticky-section-no wpr-equal-height-no e-con e-child\" data-id=\"d2ac03b\" data-element_type=\"container\" data-e-type=\"container\">\n\t\t\t\t<div class=\"elementor-element elementor-element-124e7ad elementor-widget elementor-widget-image\" data-id=\"124e7ad\" data-element_type=\"widget\" data-e-type=\"widget\" data-widget_type=\"image.default\">\n\t\t\t\t<div class=\"elementor-widget-container\">\n\t\t\t\t\t\t\t\t\t\t\t\t\t\t\t<img fetchpriority=\"high\" decoding=\"async\" width=\"800\" height=\"155\" src=\"https:\/\/hahne.academy\/wp-content\/uploads\/2025\/07\/Connected-Data-Academy-fc-1024x199.png\" class=\"attachment-large size-large wp-image-4853\" alt=\"\" srcset=\"https:\/\/hahne.academy\/wp-content\/uploads\/2025\/07\/Connected-Data-Academy-fc-1024x199.png 1024w, https:\/\/hahne.academy\/wp-content\/uploads\/2025\/07\/Connected-Data-Academy-fc-300x58.png 300w, https:\/\/hahne.academy\/wp-content\/uploads\/2025\/07\/Connected-Data-Academy-fc-768x149.png 768w, https:\/\/hahne.academy\/wp-content\/uploads\/2025\/07\/Connected-Data-Academy-fc-1536x299.png 1536w, https:\/\/hahne.academy\/wp-content\/uploads\/2025\/07\/Connected-Data-Academy-fc-2048x399.png 2048w, https:\/\/hahne.academy\/wp-content\/uploads\/2025\/07\/Connected-Data-Academy-fc-18x4.png 18w\" sizes=\"(max-width: 800px) 100vw, 800px\" \/>\t\t\t\t\t\t\t\t\t\t\t\t\t\t\t<\/div>\n\t\t\t\t<\/div>\n\t\t\t\t<\/div>\n\t\t\t\t\t<\/div>\n\t\t\t\t<\/div>\n\t\t\t\t<\/div>","protected":false},"excerpt":{"rendered":"<p>Offizielles CDMP-Zertifizierungstraining: Jetzt anmelden 736 Erfolgsgeschichten: Was macht unsere CDMP-Kurse so besonders? In einer Welt, in der sich Tools und Jobtitel schneller ver\u00e4ndern als je zuvor, konzentrieren wir uns auf das, was wirklich Bestand hat: Lernerfahrungen, die echten Mehrwert schaffen. Unsere CDMP-Kurse gehen \u00fcber reine Theorie hinaus. Sie bereiten Sie gezielt auf die weltweit anerkannte DAMA-International-Zertifizierung auf Grundlage des DAMA DMBoK 2.0 vor. Was uns auszeichnet? Pers\u00f6nliche Betreuung, lebhafte Diskussionen und eine Lerncommunity, in der sich die Teilnehmenden gegenseitig motivieren und inspirieren. Und die Zahlen unserer Teilnehmenden sprechen f\u00fcr sich: \u2022 98,3 % Erfolgsquote bei der CDMP-Pr\u00fcfung \u2022 78,6 durchschnittliche Zertifizierungspunktzahl Warum an unseren Live-CDMP-Kursen teilnehmen? \u2022 Das gro\u00dfe Ganze verstehen: Lernen Sie, wie sich Datenkompetenzen verbinden und im gesch\u00e4ftlichen Kontext anwenden lassen. \u2022 Mit Selbstvertrauen bestehen: 95 % unserer Teilnehmenden bestehen die Pr\u00fcfung beim ersten Versuch. \u2022 Ihre Glaubw\u00fcrdigkeit st\u00e4rken: Die CDMP-Zertifizierung er\u00f6ffnet T\u00fcren in IT, Analytics, Strategie und dar\u00fcber hinaus. Die Schulungsunterlagen sowie die Zertifizierungspr\u00fcfung sind auf Englisch. Die Vermittlung der Inhalte (Erkl\u00e4rung, Diskussion, Q&amp;A) erfolgt entweder auf Deutsch oder Englisch (s.u.) Termine &amp; Ort: Pr\u00e4senz-Seminare 19. bis 21. Mai 2026 in M\u00fcnchen \u2013 Vermittlung der Inhalte auf Deutsch9. bis 11. Juni 2026 in Hamburg \u2013 Vermittlung der Inhalte auf Deutsch4. bis 6. August 2026 in Hamburg \u2013 Vermittlung der Inhalte auf Englisch1. bis 3. September 2026 in M\u00fcnchen \u2013 Vermittlung der Inhalte auf Deutsch20. bis 22. Oktober 2026 in Hamburg \u2013 Vermittlung der Inhalte auf Deutsch10. bis 12. November 2026 in M\u00fcnchen \u2013 Vermittlung der Inhalte auf Englisch Online-Seminare (T\u00e4glich von 14 bis 18 Uhr CET) Fr\u00fchjahr 2026 (28. April, 29. April, 30. April, 5. Mai, 6. Mai, 7. Mai) Herbst 2026 (22. Sep., 23. Sep., 24. Sep., 29. Sep., 30. Sep., 1. Okt.) &nbsp;&nbsp;&nbsp;&nbsp;Weitere Informationen&nbsp;&nbsp;&nbsp;&nbsp;&nbsp; Zur Anmeldung<\/p>","protected":false},"author":2,"featured_media":0,"parent":0,"menu_order":0,"comment_status":"closed","ping_status":"closed","template":"elementor_header_footer","meta":{"_acf_changed":false,"_bbp_topic_count":0,"_bbp_reply_count":0,"_bbp_total_topic_count":0,"_bbp_total_reply_count":0,"_bbp_voice_count":0,"_bbp_anonymous_reply_count":0,"_bbp_topic_count_hidden":0,"_bbp_reply_count_hidden":0,"_bbp_forum_subforum_count":0,"footnotes":""},"class_list":["post-5033","page","type-page","status-publish","hentry"],"acf":[],"_links":{"self":[{"href":"https:\/\/hahne.academy\/es\/wp-json\/wp\/v2\/pages\/5033","targetHints":{"allow":["GET"]}}],"collection":[{"href":"https:\/\/hahne.academy\/es\/wp-json\/wp\/v2\/pages"}],"about":[{"href":"https:\/\/hahne.academy\/es\/wp-json\/wp\/v2\/types\/page"}],"author":[{"embeddable":true,"href":"https:\/\/hahne.academy\/es\/wp-json\/wp\/v2\/users\/2"}],"replies":[{"embeddable":true,"href":"https:\/\/hahne.academy\/es\/wp-json\/wp\/v2\/comments?post=5033"}],"version-history":[{"count":46,"href":"https:\/\/hahne.academy\/es\/wp-json\/wp\/v2\/pages\/5033\/revisions"}],"predecessor-version":[{"id":5460,"href":"https:\/\/hahne.academy\/es\/wp-json\/wp\/v2\/pages\/5033\/revisions\/5460"}],"wp:attachment":[{"href":"https:\/\/hahne.academy\/es\/wp-json\/wp\/v2\/media?parent=5033"}],"curies":[{"name":"wp","href":"https:\/\/api.w.org\/{rel}","templated":true}]}}