{"id":5038,"date":"2025-11-10T16:17:45","date_gmt":"2025-11-10T16:17:45","guid":{"rendered":"https:\/\/hahne.academy\/?page_id=5038"},"modified":"2025-11-24T09:19:20","modified_gmt":"2025-11-24T09:19:20","slug":"tdwi-trainings","status":"publish","type":"page","link":"https:\/\/hahne.academy\/es\/tdwi-trainings\/","title":{"rendered":"Formaciones TDWI"},"content":{"rendered":"<div data-elementor-type=\"wp-page\" data-elementor-id=\"5038\" class=\"elementor elementor-5038\" data-elementor-post-type=\"page\">\n\t\t\t\t<div class=\"elementor-element elementor-element-78fbb082 e-flex e-con-boxed wpr-particle-no wpr-jarallax-no wpr-parallax-no wpr-sticky-section-no wpr-equal-height-no e-con e-parent\" data-id=\"78fbb082\" data-element_type=\"container\" data-e-type=\"container\" data-settings=\"{&quot;background_background&quot;:&quot;classic&quot;}\">\n\t\t\t\t\t<div class=\"e-con-inner\">\n\t\t<div class=\"elementor-element elementor-element-59dcfe2a e-con-full e-flex wpr-particle-no wpr-jarallax-no wpr-parallax-no wpr-sticky-section-no wpr-equal-height-no e-con e-child\" data-id=\"59dcfe2a\" data-element_type=\"container\" data-e-type=\"container\">\n\t\t\t\t<\/div>\n\t\t\t\t\t<\/div>\n\t\t\t\t<\/div>\n\t\t<div class=\"elementor-element elementor-element-d319fae e-flex e-con-boxed wpr-particle-no wpr-jarallax-no wpr-parallax-no wpr-sticky-section-no wpr-equal-height-no e-con e-parent\" data-id=\"d319fae\" data-element_type=\"container\" data-e-type=\"container\" data-settings=\"{&quot;background_background&quot;:&quot;classic&quot;}\">\n\t\t\t\t\t<div class=\"e-con-inner\">\n\t\t<div class=\"elementor-element elementor-element-5a903bc e-con-full e-flex wpr-particle-no wpr-jarallax-no wpr-parallax-no wpr-sticky-section-no wpr-equal-height-no e-con e-child\" data-id=\"5a903bc\" data-element_type=\"container\" data-e-type=\"container\">\n\t\t<div class=\"elementor-element elementor-element-bf1b39d e-con-full e-flex wpr-particle-no wpr-jarallax-no wpr-parallax-no wpr-sticky-section-no wpr-equal-height-no e-con e-child\" data-id=\"bf1b39d\" data-element_type=\"container\" data-e-type=\"container\">\n\t\t\t\t<div class=\"elementor-element elementor-element-5d72cb8 elementor-widget elementor-widget-icon-box\" data-id=\"5d72cb8\" data-element_type=\"widget\" data-e-type=\"widget\" data-widget_type=\"icon-box.default\">\n\t\t\t\t<div class=\"elementor-widget-container\">\n\t\t\t\t\t\t\t<div class=\"elementor-icon-box-wrapper\">\n\n\t\t\t\n\t\t\t\t\t\t<div class=\"elementor-icon-box-content\">\n\n\t\t\t\t\t\t\t\t\t<h2 class=\"elementor-icon-box-title\">\n\t\t\t\t\t\t<span  >\n\t\t\t\t\t\t\tModelizaci\u00f3n de datos: arquitectura, modelizaci\u00f3n, automatizaci\u00f3n (formaci\u00f3n presencial)\t\t\t\t\t\t<\/span>\n\t\t\t\t\t<\/h2>\n\t\t\t\t\n\t\t\t\t\t\t\t\t\t<p class=\"elementor-icon-box-description\">\n\t\t\t\t\t\tLas soluciones modernas de BI y an\u00e1lisis requieren una s\u00f3lida base de datos. Este seminario presencial de dos d\u00edas ofrece conocimientos pr\u00e1cticos sobre arquitectura, modelado y automatizaci\u00f3n, ideal para ingenieros de datos, arquitectos de BI y jefes de equipo.<br><br>\n\nLos participantes aprender\u00e1n enfoques probados como Entity Relationship, Star Schema, 3NF y Data Vault, complementados por el marco ADAPT para el modelado conceptual. Temas como la historizaci\u00f3n, la calidad de los datos, el rendimiento y el almacenamiento de datos b\u00e1sicos completan el programa. Una de las prioridades es la automatizaci\u00f3n selectiva para aumentar la escalabilidad y la eficacia.<br><br>\n\nLa formaci\u00f3n combina m\u00e9todos s\u00f3lidos con las mejores pr\u00e1cticas probadas en m\u00e1s de 15 a\u00f1os de experiencia en proyectos. Los ejercicios y debates fomentan la transferencia al trabajo cotidiano en proyectos y agudizan la comprensi\u00f3n de las decisiones de modelizaci\u00f3n.<br><br>\n\n<strong>Fechas y lugar:<\/strong><br>14 y 15 de abril de 2026 en M\u00fanich<br>Del 26 al 27 de mayo de 2026 en Hamburgo<br>Del 17 al 18 de septiembre de 2026 en Hamburgo<br>29 y 30 de octubre de 2026 en M\u00fanich\n<br>\n<strong> Idioma: alem\u00e1n<\/strong>\n\t\t\t\t\t<\/p>\n\t\t\t\t\n\t\t\t<\/div>\n\t\t\t\n\t\t<\/div>\n\t\t\t\t\t\t<\/div>\n\t\t\t\t<\/div>\n\t\t<div class=\"elementor-element elementor-element-bc0eaa6 e-con-full e-flex wpr-particle-no wpr-jarallax-no wpr-parallax-no wpr-sticky-section-no wpr-equal-height-no e-con e-child\" data-id=\"bc0eaa6\" data-element_type=\"container\" data-e-type=\"container\">\n\t\t\t\t<div class=\"elementor-element elementor-element-1f63cdf elementor-widget elementor-widget-button\" data-id=\"1f63cdf\" data-element_type=\"widget\" data-e-type=\"widget\" data-widget_type=\"button.default\">\n\t\t\t\t<div class=\"elementor-widget-container\">\n\t\t\t\t\t\t\t\t\t<div class=\"elementor-button-wrapper\">\n\t\t\t\t\t<a class=\"elementor-button elementor-button-link elementor-size-sm\" href=\"https:\/\/www.tdwi.eu\/akademie\/seminarsuche\/seminardetails\/seminar-titel\/datenmodellierung-architektur-modellierung-automatisierung?tx_dmworkshops_seminars%5BselectedDate%5D=2727&#038;cHash=a58bf302c486be7ee89b7f22f7737cb2\" target=\"_blank\">\n\t\t\t\t\t\t<span class=\"elementor-button-content-wrapper\">\n\t\t\t\t\t\t\t\t\t<span class=\"elementor-button-text\">M\u00e1s informaci\u00f3n e inscripci\u00f3n<\/span>\n\t\t\t\t\t<\/span>\n\t\t\t\t\t<\/a>\n\t\t\t\t<\/div>\n\t\t\t\t\t\t\t\t<\/div>\n\t\t\t\t<\/div>\n\t\t\t\t<\/div>\n\t\t\t\t<\/div>\n\t\t\t\t<\/div>\n\t\t\t\t\t<\/div>\n\t\t\t\t<\/div>\n\t\t<div class=\"elementor-element elementor-element-597ff6f e-flex e-con-boxed wpr-particle-no wpr-jarallax-no wpr-parallax-no wpr-sticky-section-no wpr-equal-height-no e-con e-parent\" data-id=\"597ff6f\" data-element_type=\"container\" data-e-type=\"container\">\n\t\t\t\t\t<div class=\"e-con-inner\">\n\t\t<div class=\"elementor-element elementor-element-375f9fa e-con-full e-flex wpr-particle-no wpr-jarallax-no wpr-parallax-no wpr-sticky-section-no wpr-equal-height-no e-con e-child\" data-id=\"375f9fa\" data-element_type=\"container\" data-e-type=\"container\">\n\t\t\t\t<div class=\"elementor-element elementor-element-b5b74b2 elementor-widget elementor-widget-icon-box\" data-id=\"b5b74b2\" data-element_type=\"widget\" data-e-type=\"widget\" data-widget_type=\"icon-box.default\">\n\t\t\t\t<div class=\"elementor-widget-container\">\n\t\t\t\t\t\t\t<div class=\"elementor-icon-box-wrapper\">\n\n\t\t\t\n\t\t\t\t\t\t<div class=\"elementor-icon-box-content\">\n\n\t\t\t\t\t\t\t\t\t<h2 class=\"elementor-icon-box-title\">\n\t\t\t\t\t\t<span  >\n\t\t\t\t\t\t\tBI Summer School: Business Intelligence compacto en cuatro d\u00edas\t\t\t\t\t\t<\/span>\n\t\t\t\t\t<\/h2>\n\t\t\t\t\n\t\t\t\t\t\t\t\t\t<p class=\"elementor-icon-box-description\">\n\t\t\t\t\t\tDos veces al a\u00f1o, la Escuela de Verano de BI ofrece una introducci\u00f3n compacta y pr\u00e1ctica a todos los temas relevantes de la inteligencia empresarial. En un programa intensivo de cuatro d\u00edas, los participantes adquieren conocimientos profundos sobre arquitectura, gesti\u00f3n de datos, modelado de datos, visualizaci\u00f3n y desarrollo estrat\u00e9gico de BI, complementados con ejercicios, estudios de casos y debates.<br><br>\n\nSe hace especial hincapi\u00e9 en la modelizaci\u00f3n de datos: se dedica un d\u00eda entero de seminario a esta \u00e1rea central, que es decisiva para el \u00e9xito o el fracaso de muchos proyectos de BI. Los m\u00e9todos ense\u00f1ados son directamente aplicables y tambi\u00e9n constituyen la base del curso en l\u00ednea independiente BI Modelling in a Nutshell, que se corresponde con estos contenidos del m\u00f3dulo.<br><br>\n\nLa formaci\u00f3n est\u00e1 dirigida a especialistas y directivos de BI, datos y an\u00e1lisis que busquen una visi\u00f3n general bien fundamentada con herramientas y estrategias pr\u00e1cticas. La combinaci\u00f3n de presencia, intercambio y una cualificaci\u00f3n certificable hace de la Escuela de Verano una introducci\u00f3n o un refuerzo ideal a la pr\u00e1ctica del BI.<br><br>\n\n<strong>Fechas y lugar:<br><\/strong> 08 + 11 - 13 de mayo de 2026, 1 d\u00eda en l\u00ednea + 3 d\u00edas presenciales en M\u00fanich<br><br>\n\n<strong>Idioma: alem\u00e1n<\/strong>\n\t\t\t\t\t<\/p>\n\t\t\t\t\n\t\t\t<\/div>\n\t\t\t\n\t\t<\/div>\n\t\t\t\t\t\t<\/div>\n\t\t\t\t<\/div>\n\t\t<div class=\"elementor-element elementor-element-ed3f0d9 e-con-full e-flex wpr-particle-no wpr-jarallax-no wpr-parallax-no wpr-sticky-section-no wpr-equal-height-no e-con e-child\" data-id=\"ed3f0d9\" data-element_type=\"container\" data-e-type=\"container\">\n\t\t\t\t<div class=\"elementor-element elementor-element-c7cc6a8 elementor-widget elementor-widget-button\" data-id=\"c7cc6a8\" data-element_type=\"widget\" data-e-type=\"widget\" data-widget_type=\"button.default\">\n\t\t\t\t<div class=\"elementor-widget-container\">\n\t\t\t\t\t\t\t\t\t<div class=\"elementor-button-wrapper\">\n\t\t\t\t\t<a class=\"elementor-button elementor-button-link elementor-size-sm\" href=\"https:\/\/www.tdwi.eu\/akademie\/seminarsuche\/seminardetails\/seminar-titel\/datenmodellierung-architektur-modellierung-automatisierung?tx_dmworkshops_seminars%5BselectedDate%5D=2727&#038;cHash=a58bf302c486be7ee89b7f22f7737cb2\" target=\"_blank\">\n\t\t\t\t\t\t<span class=\"elementor-button-content-wrapper\">\n\t\t\t\t\t\t\t\t\t<span class=\"elementor-button-text\">M\u00e1s informaci\u00f3n e inscripci\u00f3n<\/span>\n\t\t\t\t\t<\/span>\n\t\t\t\t\t<\/a>\n\t\t\t\t<\/div>\n\t\t\t\t\t\t\t\t<\/div>\n\t\t\t\t<\/div>\n\t\t\t\t<\/div>\n\t\t\t\t<\/div>\n\t\t\t\t\t<\/div>\n\t\t\t\t<\/div>\n\t\t<div class=\"elementor-element elementor-element-09cd90a e-flex e-con-boxed wpr-particle-no wpr-jarallax-no wpr-parallax-no wpr-sticky-section-no wpr-equal-height-no e-con e-parent\" data-id=\"09cd90a\" data-element_type=\"container\" data-e-type=\"container\" data-settings=\"{&quot;background_background&quot;:&quot;classic&quot;}\">\n\t\t\t\t\t<div class=\"e-con-inner\">\n\t\t<div class=\"elementor-element elementor-element-40d7529 e-con-full e-flex wpr-particle-no wpr-jarallax-no wpr-parallax-no wpr-sticky-section-no wpr-equal-height-no e-con e-child\" data-id=\"40d7529\" data-element_type=\"container\" data-e-type=\"container\">\n\t\t<div class=\"elementor-element elementor-element-122377d e-con-full e-flex wpr-particle-no wpr-jarallax-no wpr-parallax-no wpr-sticky-section-no wpr-equal-height-no e-con e-child\" data-id=\"122377d\" data-element_type=\"container\" data-e-type=\"container\">\n\t\t\t\t<div class=\"elementor-element elementor-element-fe6eb6a elementor-widget elementor-widget-icon-box\" data-id=\"fe6eb6a\" data-element_type=\"widget\" data-e-type=\"widget\" data-widget_type=\"icon-box.default\">\n\t\t\t\t<div class=\"elementor-widget-container\">\n\t\t\t\t\t\t\t<div class=\"elementor-icon-box-wrapper\">\n\n\t\t\t\n\t\t\t\t\t\t<div class=\"elementor-icon-box-content\">\n\n\t\t\t\t\t\t\t\t\t<h2 class=\"elementor-icon-box-title\">\n\t\t\t\t\t\t<span  >\n\t\t\t\t\t\t\tBI en la nube en pocas palabras - <br>Libere el poder de la inteligencia empresarial basada en la nube\t\t\t\t\t\t<\/span>\n\t\t\t\t\t<\/h2>\n\t\t\t\t\n\t\t\t\t\t\t\t\t\t<p class=\"elementor-icon-box-description\">\n\t\t\t\t\t\tLa inteligencia empresarial basada en la nube ya no es una opci\u00f3n: es la nueva realidad. Este seminario de un d\u00eda ofrece una visi\u00f3n en profundidad de conceptos, arquitecturas, plataformas y consideraciones estrat\u00e9gicas para el BI en la nube: compacto, conceptual y sin sobrecarga t\u00e9cnica.\n<br><br>\n<strong>Grupo destinatario:<\/strong>\nEl seminario est\u00e1 dirigido a profesionales del BI, arquitectos de datos, responsables de TI, analistas y responsables de la toma de decisiones que deseen comprender el potencial del BI en la nube y tomar decisiones estrat\u00e9gicas bien fundamentadas, incluso sin contar con conocimientos t\u00e9cnicos profundos.\n<br><br>\n<strong>Los temas de un vistazo:<\/strong><br>\n\t- Conceptos b\u00e1sicos y ventajas del BI en la nube<br>\n\t- Arquitecturas y modelos de implantaci\u00f3n nativos de la nube<br>\n\t- Herramientas: AWS, Azure, Snowflake, Power BI, Tableau<br>\n\t- Estrategias contra la dependencia del proveedor<br>\n\t- Seguridad, cumplimiento y gobernanza<br>\n\t- Tendencias futuras: IA, BI en tiempo real, sin servidor<br><br>\n\n<strong>Su valor a\u00f1adido:<\/strong>\nObtendr\u00e1 claridad sobre las oportunidades, los riesgos y las mejores pr\u00e1cticas relacionadas con el BI en la nube, incluidas recomendaciones espec\u00edficas para la estrategia, la selecci\u00f3n de herramientas y la implementaci\u00f3n.<br><br>\n<strong>Fechas y lugar:<\/strong>\n<br>28 de mayo. 2026 - 28 May. 2026 en Hamburgo - Contenidos y documentos en alem\u00e1n<br>\n28 oct. 2026 - 28 oct. 2026 en Munich - Contenidos y documentos en alem\u00e1n\t\t\t\t\t<\/p>\n\t\t\t\t\n\t\t\t<\/div>\n\t\t\t\n\t\t<\/div>\n\t\t\t\t\t\t<\/div>\n\t\t\t\t<\/div>\n\t\t<div class=\"elementor-element elementor-element-e13ae02 e-con-full e-flex wpr-particle-no wpr-jarallax-no wpr-parallax-no wpr-sticky-section-no wpr-equal-height-no e-con e-child\" data-id=\"e13ae02\" data-element_type=\"container\" data-e-type=\"container\">\n\t\t\t\t<div class=\"elementor-element elementor-element-38c8a93 elementor-widget elementor-widget-button\" data-id=\"38c8a93\" data-element_type=\"widget\" data-e-type=\"widget\" data-widget_type=\"button.default\">\n\t\t\t\t<div class=\"elementor-widget-container\">\n\t\t\t\t\t\t\t\t\t<div class=\"elementor-button-wrapper\">\n\t\t\t\t\t<a class=\"elementor-button elementor-button-link elementor-size-sm\" href=\"https:\/\/www.tdwi.eu\/akademie\/seminarsuche\/seminardetails\/seminar-titel\/cloud-bi-auf-den-punkt-gebracht-entfalten-sie-die-kraft-von-cloud-basierter-business-intelligence?tx_dmworkshops_seminars%5BselectedDate%5D=2857&#038;cHash=8096b187201ef77c1f50e599def192c7\" target=\"_blank\">\n\t\t\t\t\t\t<span class=\"elementor-button-content-wrapper\">\n\t\t\t\t\t\t\t\t\t<span class=\"elementor-button-text\">M\u00e1s informaci\u00f3n e inscripci\u00f3n<\/span>\n\t\t\t\t\t<\/span>\n\t\t\t\t\t<\/a>\n\t\t\t\t<\/div>\n\t\t\t\t\t\t\t\t<\/div>\n\t\t\t\t<\/div>\n\t\t\t\t<\/div>\n\t\t\t\t<\/div>\n\t\t\t\t<\/div>\n\t\t\t\t\t<\/div>\n\t\t\t\t<\/div>\n\t\t\t\t<\/div>","protected":false},"excerpt":{"rendered":"<p>Datenmodellierung: Architektur, Modellierung, Automatisierung (Pr\u00e4senztraining) Moderne BI- und Analytics-L\u00f6sungen ben\u00f6tigen ein solides Datenfundament. In diesem zweit\u00e4gigen Pr\u00e4senzseminar wird praxisnahes Know-how zu Architektur, Modellierung und Automatisierung vermittelt, ideal f\u00fcr Data Engineers, BI-Architekten und Teamleiter. Die Teilnehmer lernen bew\u00e4hrte Ans\u00e4tze wie Entity-Relationship, Star-Schema, 3NF und Data Vault kennen, erg\u00e4nzt durch das ADAPT-Framework f\u00fcr konzeptionelle Modellierung. Themen wie Historisierung, Datenqualit\u00e4t, Performance und Core Data Warehousing runden das Programm ab. Ein Fokus liegt auf gezielter Automatisierung zur Steigerung von Skalierbarkeit und Effizienz. Das Training kombiniert fundierte Methoden mit erprobten Best Practices aus \u00fcber 15 Jahren Projekterfahrung. \u00dcbungen und Diskussionen f\u00f6rdern den Transfer in den Projektalltag und sch\u00e4rfen das Verst\u00e4ndnis f\u00fcr Modellierungsentscheidungen. Termine &amp; Ort:14. bis 15. April 2026 in M\u00fcnchen26. bis 27. Mai 2026 in Hamburg17. bis 18. September 2026 in Hamburg29. bis 30. Oktober 2026 in M\u00fcnchen Sprache: Deutsch Weitere Informationen und Anmeldung BI Summer School: Business Intelligence kompakt in vier Tagen Die BI Summer School bietet zweimal j\u00e4hrlich einen kompakten, praxisnahen Einstieg in alle relevanten Themen der Business Intelligence. In einem intensiven viert\u00e4gigen Programm erhalten die Teilnehmer fundiertes Wissen zu Architektur, Datenmanagement, Datenmodellierung, Visualisierung und strategischem BI-Aufbau, erg\u00e4nzt durch \u00dcbungen, Fallstudien und Diskussionen. Ein besonderer Schwerpunkt liegt auf der Datenmodellierung: Ein kompletter Seminartag widmet sich diesem Kernbereich, der ma\u00dfgeblich \u00fcber den Erfolg oder Misserfolg vieler BI-Projekte entscheidet. Die vermittelten Methoden sind unmittelbar anwendbar und bilden auch die Grundlage f\u00fcr den separaten Onlinekurs BI Modeling in a Nutshell, der diesen Modulinhalten entspricht. Das Training richtet sich an Fach- und F\u00fchrungskr\u00e4fte aus BI, Data &amp; Analytics, die einen fundierten \u00dcberblick mit praktischen Tools und Strategien suchen. Die Kombination aus Pr\u00e4senz, Austausch und zertifizierbarem Abschluss macht die Summer School zu einem idealen Einstieg oder Booster in die BI-Praxis. Termine &amp; Ort: 08. + 11. &#8211; 13. Mai 2026, 1 Tag online + 3 Tage Pr\u00e4senz in M\u00fcnchen Sprache: Deutsch Weitere Informationen und Anmeldung Cloud BI auf den Punkt gebracht &#8211; Entfalten Sie die Kraft von Cloud-basierter Business Intelligence Cloud-basierte Business Intelligence ist keine Option mehr \u2013 sie ist die neue Realit\u00e4t. Dieses eint\u00e4gige Seminar bietet einen fundierten \u00dcberblick \u00fcber Konzepte, Architekturen, Plattformen und strategische \u00dcberlegungen zu Cloud BI \u2013 kompakt, konzeptionell und frei von technischer \u00dcberladung. Zielgruppe: Das Seminar richtet sich an BI-Professionals, Datenarchitekten, IT-Verantwortliche, Analysten und Entscheider, die das Potenzial von Cloud BI verstehen und fundierte strategische Entscheidungen treffen m\u00f6chten \u2013 auch ohne tiefgehende technische Vorkenntnisse. Themen im \u00dcberblick: \u2022 Grundlagen &amp; Nutzen von Cloud BI \u2022 Cloud-native Architekturen &amp; Bereitstellungsmodelle \u2022 Tool-Landschaft: AWS, Azure, Snowflake, Power BI, Tableau \u2022 Strategien gegen Vendor Lock-In \u2022 Sicherheit, Compliance &amp; Governance \u2022 Zuk\u00fcnftige Trends: KI, Echtzeit-BI, Serverless Ihr Mehrwert: Sie gewinnen Klarheit \u00fcber Chancen, Risiken und Best Practices rund um Cloud BI \u2013 inklusive konkreter Empfehlungen f\u00fcr Strategie, Toolwahl und Implementierung. Termine &amp; Ort: 28. Mai. 2026 &#8211; 28. Mai. 2026 in Hamburg \u2013 Inhalte und Unterlagen auf Deutsch 28. Okt. 2026 &#8211; 28. Okt. 2026 in M\u00fcnchen \u2013 Inhalte und Unterlagen auf Deutsch Weitere Informationen und Anmeldung<\/p>","protected":false},"author":2,"featured_media":0,"parent":0,"menu_order":0,"comment_status":"closed","ping_status":"closed","template":"elementor_header_footer","meta":{"_acf_changed":false,"_bbp_topic_count":0,"_bbp_reply_count":0,"_bbp_total_topic_count":0,"_bbp_total_reply_count":0,"_bbp_voice_count":0,"_bbp_anonymous_reply_count":0,"_bbp_topic_count_hidden":0,"_bbp_reply_count_hidden":0,"_bbp_forum_subforum_count":0,"footnotes":""},"class_list":["post-5038","page","type-page","status-publish","hentry"],"acf":[],"_links":{"self":[{"href":"https:\/\/hahne.academy\/es\/wp-json\/wp\/v2\/pages\/5038","targetHints":{"allow":["GET"]}}],"collection":[{"href":"https:\/\/hahne.academy\/es\/wp-json\/wp\/v2\/pages"}],"about":[{"href":"https:\/\/hahne.academy\/es\/wp-json\/wp\/v2\/types\/page"}],"author":[{"embeddable":true,"href":"https:\/\/hahne.academy\/es\/wp-json\/wp\/v2\/users\/2"}],"replies":[{"embeddable":true,"href":"https:\/\/hahne.academy\/es\/wp-json\/wp\/v2\/comments?post=5038"}],"version-history":[{"count":19,"href":"https:\/\/hahne.academy\/es\/wp-json\/wp\/v2\/pages\/5038\/revisions"}],"predecessor-version":[{"id":5194,"href":"https:\/\/hahne.academy\/es\/wp-json\/wp\/v2\/pages\/5038\/revisions\/5194"}],"wp:attachment":[{"href":"https:\/\/hahne.academy\/es\/wp-json\/wp\/v2\/media?parent=5038"}],"curies":[{"name":"wp","href":"https:\/\/api.w.org\/{rel}","templated":true}]}}